{"id":352,"date":"2019-12-31T15:20:43","date_gmt":"2019-12-31T15:20:43","guid":{"rendered":"http:\/\/neroqomservices.com\/?page_id=352"},"modified":"2020-06-16T11:49:45","modified_gmt":"2020-06-16T11:49:45","slug":"sustainability","status":"publish","type":"page","link":"https:\/\/neroqomservices.com\/de\/sustainability\/","title":{"rendered":"Nachhaltigkeit"},"content":{"rendered":"<div data-elementor-type=\"wp-page\" data-elementor-id=\"352\" class=\"elementor elementor-352\">\n\t\t\t\t\t\t\t\t\t<section class=\"elementor-section elementor-top-section elementor-element elementor-element-f095032 elementor-section-boxed elementor-section-height-default elementor-section-height-default\" data-id=\"f095032\" data-element_type=\"section\">\n\t\t\t\t\t\t<div class=\"elementor-container elementor-column-gap-default\">\n\t\t\t\t\t<div class=\"elementor-column elementor-col-100 elementor-top-column elementor-element elementor-element-7cb420d\" data-id=\"7cb420d\" data-element_type=\"column\">\n\t\t\t<div class=\"elementor-widget-wrap elementor-element-populated\">\n\t\t\t\t\t\t\t\t<div class=\"elementor-element elementor-element-8ea02a2 elementor-widget elementor-widget-text-editor\" data-id=\"8ea02a2\" data-element_type=\"widget\" data-widget_type=\"text-editor.default\">\n\t\t\t\t<div class=\"elementor-widget-container\">\n\t\t\t\t\t\t\t<p><a href=\"http:\/\/https;:\/\/neroqomservices.com\" data-wplink-url-error=\"true\">Home<\/a> &gt; Sustainability<\/p>\t\t\t\t\t\t<\/div>\n\t\t\t\t<\/div>\n\t\t\t\t\t<\/div>\n\t\t<\/div>\n\t\t\t\t\t\t\t<\/div>\n\t\t<\/section>\n\t\t\t\t<section class=\"elementor-section elementor-top-section elementor-element elementor-element-18ae7b8 elementor-section-boxed elementor-section-height-default elementor-section-height-default\" data-id=\"18ae7b8\" data-element_type=\"section\" data-settings=\"{&quot;background_background&quot;:&quot;classic&quot;}\">\n\t\t\t\t\t\t<div class=\"elementor-container elementor-column-gap-default\">\n\t\t\t\t\t<div class=\"elementor-column elementor-col-50 elementor-top-column elementor-element elementor-element-dc2576f\" data-id=\"dc2576f\" data-element_type=\"column\">\n\t\t\t<div class=\"elementor-widget-wrap elementor-element-populated\">\n\t\t\t\t\t\t\t\t<div class=\"elementor-element elementor-element-4ecbbc1 elementor-widget elementor-widget-heading\" data-id=\"4ecbbc1\" data-element_type=\"widget\" data-widget_type=\"heading.default\">\n\t\t\t\t<div class=\"elementor-widget-container\">\n\t\t\t<h2 class=\"elementor-heading-title elementor-size-default\">Nachhaltigkeit<\/h2>\t\t<\/div>\n\t\t\t\t<\/div>\n\t\t\t\t\t<\/div>\n\t\t<\/div>\n\t\t\t\t<div class=\"elementor-column elementor-col-50 elementor-top-column elementor-element elementor-element-ecf0ae5\" data-id=\"ecf0ae5\" data-element_type=\"column\">\n\t\t\t<div class=\"elementor-widget-wrap elementor-element-populated\">\n\t\t\t\t\t\t\t\t<div class=\"elementor-element elementor-element-d349e7c elementor-widget elementor-widget-text-editor\" data-id=\"d349e7c\" data-element_type=\"widget\" data-widget_type=\"text-editor.default\">\n\t\t\t\t<div class=\"elementor-widget-container\">\n\t\t\t\t\t\t\t<p>Wir leben in einer Zeit des Wandels. Zeiten, in denen Nachhaltigkeit, Klimawandel, CO2-Fu\u00dfabdruck und \u00f6kologische Verantwortung wichtiger sind als je zuvor. Wir alle wissen, dass wir unseren Teil dazu beitragen m\u00fcssen, aber was k\u00f6nnen Sie tats\u00e4chlich tun?<\/p><p>Das NeroQom-Squad nimmt <strong>unsere Verantwortung<\/strong> f\u00fcr die Zukunft sehr ernst. Wir glauben nicht daran, das Handeln anderen zu \u00fcberlassen. Deshalb stehen wir in der Welt der <strong>High-End-Wartung<\/strong>an der Spitze der Nachhaltigkeit. Wir sehen es als unsere Verpflichtung an, alles zu tun, was wir k\u00f6nnen, um die Welt zu sch\u00fctzen.<\/p><p>Hier ist, was wir bisher tun...<\/p>\t\t\t\t\t\t<\/div>\n\t\t\t\t<\/div>\n\t\t\t\t\t<\/div>\n\t\t<\/div>\n\t\t\t\t\t\t\t<\/div>\n\t\t<\/section>\n\t\t\t\t<section class=\"elementor-section elementor-top-section elementor-element elementor-element-a16d97f elementor-section-boxed elementor-section-height-default elementor-section-height-default\" data-id=\"a16d97f\" data-element_type=\"section\">\n\t\t\t\t\t\t<div class=\"elementor-container elementor-column-gap-default\">\n\t\t\t\t\t<div class=\"elementor-column elementor-col-25 elementor-top-column elementor-element elementor-element-c536bc5\" data-id=\"c536bc5\" data-element_type=\"column\">\n\t\t\t<div class=\"elementor-widget-wrap elementor-element-populated\">\n\t\t\t\t\t\t\t\t<div class=\"elementor-element elementor-element-b8fe4e1 elementor-widget elementor-widget-text-editor\" data-id=\"b8fe4e1\" data-element_type=\"widget\" data-widget_type=\"text-editor.default\">\n\t\t\t\t<div class=\"elementor-widget-container\">\n\t\t\t\t\t\t\t<p><span style=\"font-weight: bold; letter-spacing: -0.27px; text-align: justify;\">With you:<\/span><\/p>\t\t\t\t\t\t<\/div>\n\t\t\t\t<\/div>\n\t\t\t\t<div class=\"elementor-element elementor-element-7af2ac0 elementor-widget elementor-widget-text-editor\" data-id=\"7af2ac0\" data-element_type=\"widget\" data-widget_type=\"text-editor.default\">\n\t\t\t\t<div class=\"elementor-widget-container\">\n\t\t\t\t\t\t\t<ul><li><em>We&#8217;re saving fuel by completing our first site survey remotely using images from you<\/em><\/li>\n<li><em>You&#8217;ll never see us use spray on\/ rinse off methods. These use excess water&nbsp;and pollute the environment<\/em>&nbsp;<\/li>\n<li><em>From our start in 2001, we&#8217;ve developed and pioneered the use of emulsifying products which don\u2019t need water to rinse them off<\/em><\/li>\n<li><em>We&#8217;re proactive with our ideas, so if we see ways you could improve your environmental impact, we&#8217;ll let you know<\/em><\/li>\n<li><em>We&#8217;re all about recycling, when we leave your site, we&#8217;ll take our waste and recycle anything we can<\/em><\/li>\n<li><em>Our Disciplines avoid the use of aggressive chemicals which are harmful to nature<\/em><\/li>\n<li><em>To reduce waste, we use high-quality microfibre cloths which are washed and reused<\/em><\/li>\n<li><em>The Squad also has reusable bottles, topping them up from our larger stock in the <a href=\"https:\/\/www.neroqomstore.com\" target=\"_blank\" rel=\"noopener\">NeroQom Store<\/a> avoiding unnecessary plastic waste&nbsp;<\/em><\/li>\n<\/ul>\t\t\t\t\t\t<\/div>\n\t\t\t\t<\/div>\n\t\t\t\t\t<\/div>\n\t\t<\/div>\n\t\t\t\t<div class=\"elementor-column elementor-col-25 elementor-top-column elementor-element elementor-element-062cd2c\" data-id=\"062cd2c\" data-element_type=\"column\">\n\t\t\t<div class=\"elementor-widget-wrap\">\n\t\t\t\t\t\t\t\t\t<\/div>\n\t\t<\/div>\n\t\t\t\t<div class=\"elementor-column elementor-col-25 elementor-top-column elementor-element elementor-element-98e850b\" data-id=\"98e850b\" data-element_type=\"column\">\n\t\t\t<div class=\"elementor-widget-wrap elementor-element-populated\">\n\t\t\t\t\t\t\t\t<div class=\"elementor-element elementor-element-26d2edf elementor-widget elementor-widget-text-editor\" data-id=\"26d2edf\" data-element_type=\"widget\" data-widget_type=\"text-editor.default\">\n\t\t\t\t<div class=\"elementor-widget-container\">\n\t\t\t\t\t\t\t<p><span style=\"font-weight: bold; letter-spacing: -0.27px; text-align: justify;\">At NeroQom:<\/span><\/p>\t\t\t\t\t\t<\/div>\n\t\t\t\t<\/div>\n\t\t\t\t<div class=\"elementor-element elementor-element-ce016cc elementor-widget elementor-widget-text-editor\" data-id=\"ce016cc\" data-element_type=\"widget\" data-widget_type=\"text-editor.default\">\n\t\t\t\t<div class=\"elementor-widget-container\">\n\t\t\t\t\t\t\t<ul><li><em>We&#8217;re reducing our emissions by investing in electric, hybrid or low consumption vehicles across the entire NeroQom vehicle fleet<\/em><\/li>\n<li><em>We&#8217;re minimising fuel consumption by, where we can, starting early and finishing before the rush to reduce our time sat in traffic<\/em><\/li>\n<li><em>We complete meetings and feedback via video or voice conferencing to win on fuel<\/em><\/li>\n<li><em>We&#8217;ve got our paper consumption under control be delivering all quotations and estimations electronically<\/em><\/li>\n<li><em>To reduce paper consumption, we use electronic time management, defect registration and tasking software<\/em><\/li>\n<li><em>We equip our Squad with high-quality, Diadora clothing, ensuring that our workwear lasts as long as possible<\/em><\/li>\n<li><em>HQ is lit up by low consumption LED bulbs<\/em><\/li>\n<li><em>To reduce our carbon footprint, orders are placed in volume<\/em><\/li>\n<\/ul>\t\t\t\t\t\t<\/div>\n\t\t\t\t<\/div>\n\t\t\t\t\t<\/div>\n\t\t<\/div>\n\t\t\t\t<div class=\"elementor-column elementor-col-25 elementor-top-column elementor-element elementor-element-8b985e2\" data-id=\"8b985e2\" data-element_type=\"column\">\n\t\t\t<div class=\"elementor-widget-wrap elementor-element-populated\">\n\t\t\t\t\t\t\t\t<div class=\"elementor-element elementor-element-2e225d3 elementor-widget elementor-widget-text-editor\" data-id=\"2e225d3\" data-element_type=\"widget\" data-widget_type=\"text-editor.default\">\n\t\t\t\t<div class=\"elementor-widget-container\">\n\t\t\t\t\t\t\t<p>\u00a0<\/p><ul><li><em>It\u2019s not just big changes, every detail matters. That\u2019s why HQ has signs reminding us to do the little things, like switching off the lights when we leave a room. <\/em><\/li><li><em>To reduce power consumption at HQ, the NeroQom IT systems are migrating to a secure cloud<\/em><\/li><li><em>To let us work from home, cutting down on our fuel consumption, we\u2019ve updated our IT systems with the latest technology<\/em><\/li><li><em>NeroQom doesn&#8217;t produce printed promotional material, so no trees are harmed by our marketing team&#8230; apart from our limited edition treasure map business cards&#8230; not seen it? Get in contact to take a look&#8230;\u00a0<\/em><\/li><li><em>Our Admin Squad is helping too, that&#8217;s why you&#8217;ll always receive your invoices on email, in a digital format, not in the post<\/em><\/li><li><em>We help our selected partners to reduce their consumption too by letting them send invoices to us electronically<\/em><\/li><\/ul>\t\t\t\t\t\t<\/div>\n\t\t\t\t<\/div>\n\t\t\t\t\t<\/div>\n\t\t<\/div>\n\t\t\t\t\t\t\t<\/div>\n\t\t<\/section>\n\t\t\t\t<section class=\"elementor-section elementor-top-section elementor-element elementor-element-73288d0 elementor-section-boxed elementor-section-height-default elementor-section-height-default\" data-id=\"73288d0\" data-element_type=\"section\">\n\t\t\t\t\t\t<div class=\"elementor-container elementor-column-gap-default\">\n\t\t\t\t\t<div class=\"elementor-column elementor-col-66 elementor-top-column elementor-element elementor-element-272b3a7\" data-id=\"272b3a7\" data-element_type=\"column\">\n\t\t\t<div class=\"elementor-widget-wrap elementor-element-populated\">\n\t\t\t\t\t\t\t\t<div class=\"elementor-element elementor-element-205ef90 elementor-widget elementor-widget-text-editor\" data-id=\"205ef90\" data-element_type=\"widget\" data-widget_type=\"text-editor.default\">\n\t\t\t\t<div class=\"elementor-widget-container\">\n\t\t\t\t\t\t\t<p>There&#8217;s always more to be done and we&#8217;re always looking for new ideas and approaches, so watch this space for more <strong>information, innovations and updates<\/strong> soon! And, of course, if you&#8217;ve got some input which can help us get even more green, we&#8217;re always open to suggestions.\u00a0<\/p>\t\t\t\t\t\t<\/div>\n\t\t\t\t<\/div>\n\t\t\t\t\t<\/div>\n\t\t<\/div>\n\t\t\t\t<div class=\"elementor-column elementor-col-33 elementor-top-column elementor-element elementor-element-b44913c\" data-id=\"b44913c\" data-element_type=\"column\">\n\t\t\t<div class=\"elementor-widget-wrap elementor-element-populated\">\n\t\t\t\t\t\t\t\t<div class=\"elementor-element elementor-element-1ecf7d4 elementor-widget elementor-widget-image\" data-id=\"1ecf7d4\" data-element_type=\"widget\" data-widget_type=\"image.default\">\n\t\t\t\t<div class=\"elementor-widget-container\">\n\t\t\t\t\t\t\t\t\t\t\t\t\t\t\t<img loading=\"lazy\" decoding=\"async\" width=\"533\" height=\"800\" src=\"https:\/\/neroqomservices.com\/wp-content\/uploads\/2020\/06\/J7A0270Ace_red_dot.png\" class=\"attachment-large size-large wp-image-1140\" alt=\"\" srcset=\"https:\/\/neroqomservices.com\/wp-content\/uploads\/2020\/06\/J7A0270Ace_red_dot.png 533w, https:\/\/neroqomservices.com\/wp-content\/uploads\/2020\/06\/J7A0270Ace_red_dot-200x300.png 200w\" sizes=\"auto, (max-width: 533px) 100vw, 533px\" \/>\t\t\t\t\t\t\t\t\t\t\t\t\t\t\t<\/div>\n\t\t\t\t<\/div>\n\t\t\t\t\t<\/div>\n\t\t<\/div>\n\t\t\t\t\t\t\t<\/div>\n\t\t<\/section>\n\t\t\t\t\t\t\t<\/div>","protected":false},"excerpt":{"rendered":"<p>Home &gt; Sustainability Sustainability We\u2019re living in changing times. Times where sustainability, climate change, carbon footprint and ecological responsibility are more important than ever before. We all know we need to do our part, but what can you actually do? The NeroQom Squad takes our responsibility to the future very seriously. We don\u2019t believe in [&hellip;]<\/p>","protected":false},"author":3,"featured_media":0,"parent":0,"menu_order":0,"comment_status":"closed","ping_status":"closed","template":"elementor_header_footer","meta":{"footnotes":""},"class_list":["post-352","page","type-page","status-publish","hentry"],"yoast_head":"<!-- This site is optimized with the Yoast SEO plugin v21.3 - https:\/\/yoast.com\/wordpress\/plugins\/seo\/ -->\n<title>Sustainability - NeroQom Services<\/title>\n<meta name=\"robots\" content=\"index, follow, max-snippet:-1, max-image-preview:large, max-video-preview:-1\" \/>\n<link rel=\"canonical\" href=\"https:\/\/neroqomservices.com\/de\/sustainability\/\" \/>\n<meta property=\"og:locale\" content=\"de_DE\" \/>\n<meta property=\"og:type\" content=\"article\" \/>\n<meta property=\"og:title\" content=\"Sustainability - NeroQom Services\" \/>\n<meta property=\"og:description\" content=\"Home &gt; Sustainability Sustainability We\u2019re living in changing times. Times where sustainability, climate change, carbon footprint and ecological responsibility are more important than ever before. We all know we need to do our part, but what can you actually do? The NeroQom Squad takes our responsibility to the future very seriously. We don\u2019t believe in [&hellip;]\" \/>\n<meta property=\"og:url\" content=\"https:\/\/neroqomservices.com\/de\/sustainability\/\" \/>\n<meta property=\"og:site_name\" content=\"NeroQom Services\" \/>\n<meta property=\"article:modified_time\" content=\"2020-06-16T11:49:45+00:00\" \/>\n<meta property=\"og:image\" content=\"http:\/\/neroqomservices.com\/wp-content\/uploads\/2020\/06\/J7A0270Ace_red_dot.png\" \/>\n<meta name=\"twitter:card\" content=\"summary_large_image\" \/>\n<meta name=\"twitter:label1\" content=\"Gesch\u00e4tzte Lesezeit\" \/>\n\t<meta name=\"twitter:data1\" content=\"3\u00a0Minuten\" \/>\n<script type=\"application\/ld+json\" class=\"yoast-schema-graph\">{\"@context\":\"https:\/\/schema.org\",\"@graph\":[{\"@type\":\"WebPage\",\"@id\":\"https:\/\/neroqomservices.com\/sustainability\/\",\"url\":\"https:\/\/neroqomservices.com\/sustainability\/\",\"name\":\"Sustainability - NeroQom Services\",\"isPartOf\":{\"@id\":\"http:\/\/neroqomservices.com\/#website\"},\"datePublished\":\"2019-12-31T15:20:43+00:00\",\"dateModified\":\"2020-06-16T11:49:45+00:00\",\"breadcrumb\":{\"@id\":\"https:\/\/neroqomservices.com\/sustainability\/#breadcrumb\"},\"inLanguage\":\"de\",\"potentialAction\":[{\"@type\":\"ReadAction\",\"target\":[\"https:\/\/neroqomservices.com\/sustainability\/\"]}]},{\"@type\":\"BreadcrumbList\",\"@id\":\"https:\/\/neroqomservices.com\/sustainability\/#breadcrumb\",\"itemListElement\":[{\"@type\":\"ListItem\",\"position\":1,\"name\":\"Home\",\"item\":\"http:\/\/neroqomservices.com\/\"},{\"@type\":\"ListItem\",\"position\":2,\"name\":\"Sustainability\"}]},{\"@type\":\"WebSite\",\"@id\":\"http:\/\/neroqomservices.com\/#website\",\"url\":\"http:\/\/neroqomservices.com\/\",\"name\":\"NeroQom Services\",\"description\":\"\",\"publisher\":{\"@id\":\"http:\/\/neroqomservices.com\/#organization\"},\"potentialAction\":[{\"@type\":\"SearchAction\",\"target\":{\"@type\":\"EntryPoint\",\"urlTemplate\":\"http:\/\/neroqomservices.com\/?s={search_term_string}\"},\"query-input\":\"required name=search_term_string\"}],\"inLanguage\":\"de\"},{\"@type\":\"Organization\",\"@id\":\"http:\/\/neroqomservices.com\/#organization\",\"name\":\"NeroQom Services\",\"url\":\"http:\/\/neroqomservices.com\/\",\"logo\":{\"@type\":\"ImageObject\",\"inLanguage\":\"de\",\"@id\":\"http:\/\/neroqomservices.com\/#\/schema\/logo\/image\/\",\"url\":\"https:\/\/neroqomservices.com\/wp-content\/uploads\/2020\/01\/neroqom_logo_black_300px_1218.png\",\"contentUrl\":\"https:\/\/neroqomservices.com\/wp-content\/uploads\/2020\/01\/neroqom_logo_black_300px_1218.png\",\"width\":300,\"height\":75,\"caption\":\"NeroQom Services\"},\"image\":{\"@id\":\"http:\/\/neroqomservices.com\/#\/schema\/logo\/image\/\"}}]}<\/script>\n<!-- \/ Yoast SEO plugin. -->","yoast_head_json":{"title":"Sustainability - NeroQom Services","robots":{"index":"index","follow":"follow","max-snippet":"max-snippet:-1","max-image-preview":"max-image-preview:large","max-video-preview":"max-video-preview:-1"},"canonical":"https:\/\/neroqomservices.com\/de\/sustainability\/","og_locale":"de_DE","og_type":"article","og_title":"Sustainability - NeroQom Services","og_description":"Home &gt; Sustainability Sustainability We\u2019re living in changing times. Times where sustainability, climate change, carbon footprint and ecological responsibility are more important than ever before. We all know we need to do our part, but what can you actually do? The NeroQom Squad takes our responsibility to the future very seriously. We don\u2019t believe in [&hellip;]","og_url":"https:\/\/neroqomservices.com\/de\/sustainability\/","og_site_name":"NeroQom Services","article_modified_time":"2020-06-16T11:49:45+00:00","og_image":[{"url":"http:\/\/neroqomservices.com\/wp-content\/uploads\/2020\/06\/J7A0270Ace_red_dot.png"}],"twitter_card":"summary_large_image","twitter_misc":{"Gesch\u00e4tzte Lesezeit":"3\u00a0Minuten"},"schema":{"@context":"https:\/\/schema.org","@graph":[{"@type":"WebPage","@id":"https:\/\/neroqomservices.com\/sustainability\/","url":"https:\/\/neroqomservices.com\/sustainability\/","name":"Sustainability - NeroQom Services","isPartOf":{"@id":"http:\/\/neroqomservices.com\/#website"},"datePublished":"2019-12-31T15:20:43+00:00","dateModified":"2020-06-16T11:49:45+00:00","breadcrumb":{"@id":"https:\/\/neroqomservices.com\/sustainability\/#breadcrumb"},"inLanguage":"de","potentialAction":[{"@type":"ReadAction","target":["https:\/\/neroqomservices.com\/sustainability\/"]}]},{"@type":"BreadcrumbList","@id":"https:\/\/neroqomservices.com\/sustainability\/#breadcrumb","itemListElement":[{"@type":"ListItem","position":1,"name":"Home","item":"http:\/\/neroqomservices.com\/"},{"@type":"ListItem","position":2,"name":"Sustainability"}]},{"@type":"WebSite","@id":"http:\/\/neroqomservices.com\/#website","url":"http:\/\/neroqomservices.com\/","name":"NeroQom Services","description":"","publisher":{"@id":"http:\/\/neroqomservices.com\/#organization"},"potentialAction":[{"@type":"SearchAction","target":{"@type":"EntryPoint","urlTemplate":"http:\/\/neroqomservices.com\/?s={search_term_string}"},"query-input":"required name=search_term_string"}],"inLanguage":"de"},{"@type":"Organization","@id":"http:\/\/neroqomservices.com\/#organization","name":"NeroQom Services","url":"http:\/\/neroqomservices.com\/","logo":{"@type":"ImageObject","inLanguage":"de","@id":"http:\/\/neroqomservices.com\/#\/schema\/logo\/image\/","url":"https:\/\/neroqomservices.com\/wp-content\/uploads\/2020\/01\/neroqom_logo_black_300px_1218.png","contentUrl":"https:\/\/neroqomservices.com\/wp-content\/uploads\/2020\/01\/neroqom_logo_black_300px_1218.png","width":300,"height":75,"caption":"NeroQom Services"},"image":{"@id":"http:\/\/neroqomservices.com\/#\/schema\/logo\/image\/"}}]}},"_links":{"self":[{"href":"https:\/\/neroqomservices.com\/de\/wp-json\/wp\/v2\/pages\/352","targetHints":{"allow":["GET"]}}],"collection":[{"href":"https:\/\/neroqomservices.com\/de\/wp-json\/wp\/v2\/pages"}],"about":[{"href":"https:\/\/neroqomservices.com\/de\/wp-json\/wp\/v2\/types\/page"}],"author":[{"embeddable":true,"href":"https:\/\/neroqomservices.com\/de\/wp-json\/wp\/v2\/users\/3"}],"replies":[{"embeddable":true,"href":"https:\/\/neroqomservices.com\/de\/wp-json\/wp\/v2\/comments?post=352"}],"version-history":[{"count":0,"href":"https:\/\/neroqomservices.com\/de\/wp-json\/wp\/v2\/pages\/352\/revisions"}],"wp:attachment":[{"href":"https:\/\/neroqomservices.com\/de\/wp-json\/wp\/v2\/media?parent=352"}],"curies":[{"name":"wp","href":"https:\/\/api.w.org\/{rel}","templated":true}]}}