{"id":355,"date":"2019-12-31T15:21:51","date_gmt":"2019-12-31T15:21:51","guid":{"rendered":"http:\/\/neroqomservices.com\/?page_id=355"},"modified":"2020-06-17T08:03:27","modified_gmt":"2020-06-17T08:03:27","slug":"construction","status":"publish","type":"page","link":"https:\/\/neroqomservices.com\/de\/construction\/","title":{"rendered":"Konstruktion"},"content":{"rendered":"<div data-elementor-type=\"wp-page\" data-elementor-id=\"355\" class=\"elementor elementor-355\">\n\t\t\t\t\t\t\t\t\t<section class=\"elementor-section elementor-top-section elementor-element elementor-element-2defba0 elementor-section-boxed elementor-section-height-default elementor-section-height-default\" data-id=\"2defba0\" data-element_type=\"section\">\n\t\t\t\t\t\t<div class=\"elementor-container elementor-column-gap-default\">\n\t\t\t\t\t<div class=\"elementor-column elementor-col-100 elementor-top-column elementor-element elementor-element-04c9eb6\" data-id=\"04c9eb6\" data-element_type=\"column\">\n\t\t\t<div class=\"elementor-widget-wrap elementor-element-populated\">\n\t\t\t\t\t\t\t\t<div class=\"elementor-element elementor-element-d0ae009 elementor-widget elementor-widget-text-editor\" data-id=\"d0ae009\" data-element_type=\"widget\" data-widget_type=\"text-editor.default\">\n\t\t\t\t<div class=\"elementor-widget-container\">\n\t\t\t\t\t\t\t<p><a href=\"https:\/\/neroqomservices.com\/de\/\">Home<\/a> &gt; <a href=\"https:\/\/neroqomservices.com\/de\/sectors\/\">Bereiche<\/a> &gt; Construction<\/p>\t\t\t\t\t\t<\/div>\n\t\t\t\t<\/div>\n\t\t\t\t\t<\/div>\n\t\t<\/div>\n\t\t\t\t\t\t\t<\/div>\n\t\t<\/section>\n\t\t\t\t<section class=\"elementor-section elementor-top-section elementor-element elementor-element-6a993df elementor-section-boxed elementor-section-height-default elementor-section-height-default\" data-id=\"6a993df\" data-element_type=\"section\">\n\t\t\t\t\t\t<div class=\"elementor-container elementor-column-gap-default\">\n\t\t\t\t\t<div class=\"elementor-column elementor-col-50 elementor-top-column elementor-element elementor-element-7c6bd89\" data-id=\"7c6bd89\" data-element_type=\"column\">\n\t\t\t<div class=\"elementor-widget-wrap elementor-element-populated\">\n\t\t\t\t\t\t\t\t<div class=\"elementor-element elementor-element-b6c0ff4 elementor-widget elementor-widget-heading\" data-id=\"b6c0ff4\" data-element_type=\"widget\" data-widget_type=\"heading.default\">\n\t\t\t\t<div class=\"elementor-widget-container\">\n\t\t\t<h2 class=\"elementor-heading-title elementor-size-default\">Konstruktion<\/h2>\t\t<\/div>\n\t\t\t\t<\/div>\n\t\t\t\t<div class=\"elementor-element elementor-element-caf59e0 elementor-widget elementor-widget-text-editor\" data-id=\"caf59e0\" data-element_type=\"widget\" data-widget_type=\"text-editor.default\">\n\t\t\t\t<div class=\"elementor-widget-container\">\n\t\t\t\t\t\t\t<p>Ein neues Projekt w\u00e4hrend der Bauphase ist eine der <strong>intensivsten<\/strong> Umgebungen, in denen wir arbeiten. Ganz gleich, ob es sich um den Bau einer Superyacht der n\u00e4chsten Generation oder um ein neues Geb\u00e4ude handelt, die Komplexit\u00e4t der Arbeiten und die Vielzahl der gleichzeitig t\u00e4tigen Auftragnehmer k\u00f6nnen eine gro\u00dfe Herausforderung darstellen, die ein gro\u00dfes Schadensrisiko birgt.<\/p><p>Diese Komplexit\u00e4t ist der Grund, warum wir daran gearbeitet haben, die NeroQom Services einzuf\u00fchren, um Ihr <strong>Leben leichter und einfacher zu gestalten.<\/strong>.<\/p><p>Wir bringen eine Reihe von T\u00e4tigkeiten ein, um Ihren Bauprozess <strong>schneller und kosteneffizienter zu gestalten<\/strong>. Das Angebot umfasst:<\/p><ul><li><em><span style=\"color: #000000;\">Vor\u00fcbergehender Schutz<\/span><\/em><\/li><li><em><span style=\"color: #000000;\">W\u00e4hrend der Wartung des Baumaterials<\/span><\/em><\/li><li><em><span style=\"color: #000000;\">T\u00e4tigkeiten zum Schutz Ihrer Garantien<\/span><\/em><\/li><li><em><span style=\"color: #000000;\">Regelm\u00e4\u00dfige Fehlerregistrierung unter Verwendung von Industriestandardsoftware<\/span><\/em><\/li><li><em><span style=\"color: #000000;\">Beratung zur Verfolgung unerkl\u00e4rlicher Sch\u00e4den<\/span><\/em><\/li><\/ul>\t\t\t\t\t\t<\/div>\n\t\t\t\t<\/div>\n\t\t\t\t\t<\/div>\n\t\t<\/div>\n\t\t\t\t<div class=\"elementor-column elementor-col-50 elementor-top-column elementor-element elementor-element-c0db7b7\" data-id=\"c0db7b7\" data-element_type=\"column\">\n\t\t\t<div class=\"elementor-widget-wrap elementor-element-populated\">\n\t\t\t\t\t\t\t\t<div class=\"elementor-element elementor-element-0d97e00 elementor-widget elementor-widget-text-editor\" data-id=\"0d97e00\" data-element_type=\"widget\" data-widget_type=\"text-editor.default\">\n\t\t\t\t<div class=\"elementor-widget-container\">\n\t\t\t\t\t\t\t<p><span style=\"color: #ff0000;\"><strong><span style=\"vertical-align: inherit;\"><span style=\"vertical-align: inherit;\"><span style=\"vertical-align: inherit;\"><span style=\"vertical-align: inherit;\">Warum Sie uns brauchen:<\/span><\/span><\/span><\/span><\/strong><\/span><\/p><ul><li><a href=\"https:\/\/insights.abnamro.nl\/2019\/04\/faalkosten-in-de-bouw-lopen-jaarlijks-op-tot-miljarden-euros\/\" target=\"_blank\" rel=\"noopener\">Bis zu 7% der Standortkosten<\/a> sind auf Fehler zur\u00fcckzuf\u00fchren; Diese werden wir mit Ihnen gemeinsam senken.<\/li><li>Langj\u00e4hrige Erfahrung im Umgang mit internationalen und inl\u00e4ndischen Baustellen<\/li><li>Industriestandardqualifikationen, einschlie\u00dflich VCA, IPAF, Erste Hilfe usw<\/li><li>Alle Dienstleistungen werden von einem Unternehmen erbracht, wobei jedes unserer Teams in der Lage ist, eine Reihe von T\u00e4tigkeiten zu erf\u00fcllen<\/li><li>Erfahrung im Umgang mit Ihrer Fehlerregistrierungssoftware einschlie\u00dflich Letsbuild, BIM360 und ED Controls<\/li><li>Flexibles Arbeiten mit schneller Reaktion, Tagessatz oder l\u00e4ngerfristigen Vertr\u00e4gen<\/li><li>Wir k\u00f6nnen unser Team auf Ihre Bed\u00fcrfnisse abstimmen, egal, ob Sie 1 oder 50 Mitglieder des Teams ben\u00f6tigen<\/li><li>Unsere T\u00e4tigkeiten decken jedes Material Ihrer Fassade ab, von der \u00c4sthetik bis zur Struktur<\/li><li>Wenn Sie unsere Unterst\u00fctzung f\u00fcr Ihren visuellen Komfort fr\u00fchzeitig erhalten, wird Ihr Aufbau beschleunigt und die <a href=\"https:\/\/neroqomservices.com\/de\/handover\/\">\u00dcbergabe<\/a> effizienter gestaltet<\/li><li>Unser Team ist mehrsprachig und spricht Niederl\u00e4ndisch, Franz\u00f6sisch, Englisch, Deutsch und Italienisch<\/li><li>Wir haben jedes Detail von der Verwaltung bis zur S\u00e4uberung der Baustelle nach getaner Arbeit abgedeckt<\/li><\/ul>\t\t\t\t\t\t<\/div>\n\t\t\t\t<\/div>\n\t\t\t\t\t<\/div>\n\t\t<\/div>\n\t\t\t\t\t\t\t<\/div>\n\t\t<\/section>\n\t\t\t\t<section class=\"elementor-section elementor-top-section elementor-element elementor-element-27233cb elementor-section-boxed elementor-section-height-default elementor-section-height-default\" data-id=\"27233cb\" data-element_type=\"section\">\n\t\t\t\t\t\t<div class=\"elementor-container elementor-column-gap-default\">\n\t\t\t\t\t<div class=\"elementor-column elementor-col-50 elementor-top-column elementor-element elementor-element-2be0b6f\" data-id=\"2be0b6f\" data-element_type=\"column\">\n\t\t\t<div class=\"elementor-widget-wrap elementor-element-populated\">\n\t\t\t\t\t\t\t\t<div class=\"elementor-element elementor-element-54e350b elementor-widget elementor-widget-text-editor\" data-id=\"54e350b\" data-element_type=\"widget\" data-widget_type=\"text-editor.default\">\n\t\t\t\t<div class=\"elementor-widget-container\">\n\t\t\t\t\t\t\t<p><span style=\"color: #000000;\"><strong>Unsere Arbeit:<\/strong><\/span><\/p>\t\t\t\t\t\t<\/div>\n\t\t\t\t<\/div>\n\t\t\t\t<div class=\"elementor-element elementor-element-240468b elementor-widget elementor-widget-image-gallery\" data-id=\"240468b\" data-element_type=\"widget\" data-widget_type=\"image-gallery.default\">\n\t\t\t\t<div class=\"elementor-widget-container\">\n\t\t\t\t\t<div class=\"elementor-image-gallery\">\n\t\t\t<div id='gallery-1' class='gallery galleryid-355 gallery-columns-3 gallery-size-thumbnail'><figure class='gallery-item'>\n\t\t\t<div class='gallery-icon landscape'>\n\t\t\t\t<a data-elementor-open-lightbox=\"yes\" data-elementor-lightbox-slideshow=\"240468b\" data-elementor-lightbox-title=\"construction_1\" data-e-action-hash=\"#elementor-action%3Aaction%3Dlightbox%26settings%3DeyJpZCI6OTk1LCJ1cmwiOiJodHRwczpcL1wvbmVyb3FvbXNlcnZpY2VzLmNvbVwvd3AtY29udGVudFwvdXBsb2Fkc1wvMjAyMFwvMDVcL2NvbnN0cnVjdGlvbl8xLXNjYWxlZC5qcGciLCJzbGlkZXNob3ciOiIyNDA0NjhiIn0%3D\" href='https:\/\/neroqomservices.com\/wp-content\/uploads\/2020\/05\/construction_1-scaled.jpg'><img loading=\"lazy\" decoding=\"async\" width=\"150\" height=\"150\" src=\"https:\/\/neroqomservices.com\/wp-content\/uploads\/2020\/05\/construction_1-150x150.jpg\" class=\"attachment-thumbnail size-thumbnail\" alt=\"\" \/><\/a>\n\t\t\t<\/div><\/figure><figure class='gallery-item'>\n\t\t\t<div class='gallery-icon portrait'>\n\t\t\t\t<a data-elementor-open-lightbox=\"yes\" data-elementor-lightbox-slideshow=\"240468b\" data-elementor-lightbox-title=\"construction_2\" data-e-action-hash=\"#elementor-action%3Aaction%3Dlightbox%26settings%3DeyJpZCI6OTk2LCJ1cmwiOiJodHRwczpcL1wvbmVyb3FvbXNlcnZpY2VzLmNvbVwvd3AtY29udGVudFwvdXBsb2Fkc1wvMjAyMFwvMDVcL2NvbnN0cnVjdGlvbl8yLXNjYWxlZC5qcGciLCJzbGlkZXNob3ciOiIyNDA0NjhiIn0%3D\" href='https:\/\/neroqomservices.com\/wp-content\/uploads\/2020\/05\/construction_2-scaled.jpg'><img loading=\"lazy\" decoding=\"async\" width=\"150\" height=\"150\" src=\"https:\/\/neroqomservices.com\/wp-content\/uploads\/2020\/05\/construction_2-150x150.jpg\" class=\"attachment-thumbnail size-thumbnail\" alt=\"\" \/><\/a>\n\t\t\t<\/div><\/figure><figure class='gallery-item'>\n\t\t\t<div class='gallery-icon landscape'>\n\t\t\t\t<a data-elementor-open-lightbox=\"yes\" data-elementor-lightbox-slideshow=\"240468b\" data-elementor-lightbox-title=\"construction_3\" data-e-action-hash=\"#elementor-action%3Aaction%3Dlightbox%26settings%3DeyJpZCI6OTk3LCJ1cmwiOiJodHRwczpcL1wvbmVyb3FvbXNlcnZpY2VzLmNvbVwvd3AtY29udGVudFwvdXBsb2Fkc1wvMjAyMFwvMDVcL2NvbnN0cnVjdGlvbl8zLXNjYWxlZC5qcGciLCJzbGlkZXNob3ciOiIyNDA0NjhiIn0%3D\" href='https:\/\/neroqomservices.com\/wp-content\/uploads\/2020\/05\/construction_3-scaled.jpg'><img loading=\"lazy\" decoding=\"async\" width=\"150\" height=\"150\" src=\"https:\/\/neroqomservices.com\/wp-content\/uploads\/2020\/05\/construction_3-150x150.jpg\" class=\"attachment-thumbnail size-thumbnail\" alt=\"\" \/><\/a>\n\t\t\t<\/div><\/figure><figure class='gallery-item'>\n\t\t\t<div class='gallery-icon portrait'>\n\t\t\t\t<a data-elementor-open-lightbox=\"yes\" data-elementor-lightbox-slideshow=\"240468b\" data-elementor-lightbox-title=\"construction_10\" data-e-action-hash=\"#elementor-action%3Aaction%3Dlightbox%26settings%3DeyJpZCI6MTAzOCwidXJsIjoiaHR0cHM6XC9cL25lcm9xb21zZXJ2aWNlcy5jb21cL3dwLWNvbnRlbnRcL3VwbG9hZHNcLzIwMjBcLzA1XC9jb25zdHJ1Y3Rpb25fMTAucG5nIiwic2xpZGVzaG93IjoiMjQwNDY4YiJ9\" href='https:\/\/neroqomservices.com\/wp-content\/uploads\/2020\/05\/construction_10.png'><img loading=\"lazy\" decoding=\"async\" width=\"150\" height=\"150\" src=\"https:\/\/neroqomservices.com\/wp-content\/uploads\/2020\/05\/construction_10-150x150.png\" class=\"attachment-thumbnail size-thumbnail\" alt=\"\" \/><\/a>\n\t\t\t<\/div><\/figure><figure class='gallery-item'>\n\t\t\t<div class='gallery-icon landscape'>\n\t\t\t\t<a data-elementor-open-lightbox=\"yes\" data-elementor-lightbox-slideshow=\"240468b\" data-elementor-lightbox-title=\"construction_5\" data-e-action-hash=\"#elementor-action%3Aaction%3Dlightbox%26settings%3DeyJpZCI6OTk4LCJ1cmwiOiJodHRwczpcL1wvbmVyb3FvbXNlcnZpY2VzLmNvbVwvd3AtY29udGVudFwvdXBsb2Fkc1wvMjAyMFwvMDVcL2NvbnN0cnVjdGlvbl81LXNjYWxlZC5qcGciLCJzbGlkZXNob3ciOiIyNDA0NjhiIn0%3D\" href='https:\/\/neroqomservices.com\/wp-content\/uploads\/2020\/05\/construction_5-scaled.jpg'><img loading=\"lazy\" decoding=\"async\" width=\"150\" height=\"150\" src=\"https:\/\/neroqomservices.com\/wp-content\/uploads\/2020\/05\/construction_5-150x150.jpg\" class=\"attachment-thumbnail size-thumbnail\" alt=\"\" \/><\/a>\n\t\t\t<\/div><\/figure><figure class='gallery-item'>\n\t\t\t<div class='gallery-icon landscape'>\n\t\t\t\t<a data-elementor-open-lightbox=\"yes\" data-elementor-lightbox-slideshow=\"240468b\" data-elementor-lightbox-title=\"construction_6\" data-e-action-hash=\"#elementor-action%3Aaction%3Dlightbox%26settings%3DeyJpZCI6OTk5LCJ1cmwiOiJodHRwczpcL1wvbmVyb3FvbXNlcnZpY2VzLmNvbVwvd3AtY29udGVudFwvdXBsb2Fkc1wvMjAyMFwvMDVcL2NvbnN0cnVjdGlvbl82LXNjYWxlZC5qcGciLCJzbGlkZXNob3ciOiIyNDA0NjhiIn0%3D\" href='https:\/\/neroqomservices.com\/wp-content\/uploads\/2020\/05\/construction_6-scaled.jpg'><img loading=\"lazy\" decoding=\"async\" width=\"150\" height=\"150\" src=\"https:\/\/neroqomservices.com\/wp-content\/uploads\/2020\/05\/construction_6-150x150.jpg\" class=\"attachment-thumbnail size-thumbnail\" alt=\"\" \/><\/a>\n\t\t\t<\/div><\/figure><figure class='gallery-item'>\n\t\t\t<div class='gallery-icon landscape'>\n\t\t\t\t<a data-elementor-open-lightbox=\"yes\" data-elementor-lightbox-slideshow=\"240468b\" data-elementor-lightbox-title=\"construction_7\" data-e-action-hash=\"#elementor-action%3Aaction%3Dlightbox%26settings%3DeyJpZCI6MTAwMCwidXJsIjoiaHR0cHM6XC9cL25lcm9xb21zZXJ2aWNlcy5jb21cL3dwLWNvbnRlbnRcL3VwbG9hZHNcLzIwMjBcLzA1XC9jb25zdHJ1Y3Rpb25fNy5qcGciLCJzbGlkZXNob3ciOiIyNDA0NjhiIn0%3D\" href='https:\/\/neroqomservices.com\/wp-content\/uploads\/2020\/05\/construction_7.jpg'><img loading=\"lazy\" decoding=\"async\" width=\"150\" height=\"150\" src=\"https:\/\/neroqomservices.com\/wp-content\/uploads\/2020\/05\/construction_7-150x150.jpg\" class=\"attachment-thumbnail size-thumbnail\" alt=\"\" \/><\/a>\n\t\t\t<\/div><\/figure><figure class='gallery-item'>\n\t\t\t<div class='gallery-icon portrait'>\n\t\t\t\t<a data-elementor-open-lightbox=\"yes\" data-elementor-lightbox-slideshow=\"240468b\" data-elementor-lightbox-title=\"construction_8\" data-e-action-hash=\"#elementor-action%3Aaction%3Dlightbox%26settings%3DeyJpZCI6MTAwMSwidXJsIjoiaHR0cHM6XC9cL25lcm9xb21zZXJ2aWNlcy5jb21cL3dwLWNvbnRlbnRcL3VwbG9hZHNcLzIwMjBcLzA1XC9jb25zdHJ1Y3Rpb25fOC5qcGciLCJzbGlkZXNob3ciOiIyNDA0NjhiIn0%3D\" href='https:\/\/neroqomservices.com\/wp-content\/uploads\/2020\/05\/construction_8.jpg'><img loading=\"lazy\" decoding=\"async\" width=\"150\" height=\"150\" src=\"https:\/\/neroqomservices.com\/wp-content\/uploads\/2020\/05\/construction_8-150x150.jpg\" class=\"attachment-thumbnail size-thumbnail\" alt=\"\" \/><\/a>\n\t\t\t<\/div><\/figure><figure class='gallery-item'>\n\t\t\t<div class='gallery-icon portrait'>\n\t\t\t\t<a data-elementor-open-lightbox=\"yes\" data-elementor-lightbox-slideshow=\"240468b\" data-elementor-lightbox-title=\"construction_9\" data-e-action-hash=\"#elementor-action%3Aaction%3Dlightbox%26settings%3DeyJpZCI6MTAwMiwidXJsIjoiaHR0cHM6XC9cL25lcm9xb21zZXJ2aWNlcy5jb21cL3dwLWNvbnRlbnRcL3VwbG9hZHNcLzIwMjBcLzA1XC9jb25zdHJ1Y3Rpb25fOS5qcGciLCJzbGlkZXNob3ciOiIyNDA0NjhiIn0%3D\" href='https:\/\/neroqomservices.com\/wp-content\/uploads\/2020\/05\/construction_9.jpg'><img loading=\"lazy\" decoding=\"async\" width=\"150\" height=\"150\" src=\"https:\/\/neroqomservices.com\/wp-content\/uploads\/2020\/05\/construction_9-150x150.jpg\" class=\"attachment-thumbnail size-thumbnail\" alt=\"\" \/><\/a>\n\t\t\t<\/div><\/figure>\n\t\t<\/div>\n\t\t<\/div>\n\t\t\t\t<\/div>\n\t\t\t\t<\/div>\n\t\t\t\t\t<\/div>\n\t\t<\/div>\n\t\t\t\t<div class=\"elementor-column elementor-col-50 elementor-top-column elementor-element elementor-element-a0b2ffa\" data-id=\"a0b2ffa\" data-element_type=\"column\">\n\t\t\t<div class=\"elementor-widget-wrap elementor-element-populated\">\n\t\t\t\t\t\t\t\t<div class=\"elementor-element elementor-element-29489d5 elementor-widget elementor-widget-text-editor\" data-id=\"29489d5\" data-element_type=\"widget\" data-widget_type=\"text-editor.default\">\n\t\t\t\t<div class=\"elementor-widget-container\">\n\t\t\t\t\t\t\t<p><span style=\"color: #000000;\"><strong><span style=\"vertical-align: inherit;\"><span style=\"vertical-align: inherit;\"><span style=\"vertical-align: inherit;\"><span style=\"vertical-align: inherit;\"><span style=\"vertical-align: inherit;\"><span style=\"vertical-align: inherit;\"><span style=\"vertical-align: inherit;\"><span style=\"vertical-align: inherit;\">Key Disciplines:<\/span><\/span><\/span><\/span><\/span><\/span><\/span><\/span><\/strong><\/span><\/p><p><em><a href=\"https:\/\/neroqomservices.com\/de\/dm-adapts\/\">#000-3 NeroQom\u00ae ADAPTS Defect Registration<\/a><br \/><a href=\"https:\/\/neroqomservices.com\/de\/dm-project-management\/\">#001-1 NeroQom\u00ae PM Accessibility<\/a><\/em><br \/><a href=\"https:\/\/neroqomservices.com\/de\/dm-temporary-protect\/\"><em>#060-1 NeroQom\u00ae Temporary Protect<\/em><\/a><br \/><a href=\"https:\/\/neroqomservices.com\/de\/dm-temporary-protect\/\"><em>#060-2 NeroQom\u00ae Temporary Protect Pro<\/em><\/a><br \/><a href=\"https:\/\/neroqomservices.com\/de\/dm-temporary-protect\/\"><em>#060-3 NeroQom\u00ae Temporary Protect Site<\/em><\/a><br \/><a href=\"https:\/\/neroqomservices.com\/de\/dm-temporary-protect\/\"><em>#060-4 NeroQom\u00ae Temporary Protect Solid<\/em><\/a><br \/><a href=\"https:\/\/neroqomservices.com\/de\/dm-consultancy\/\"><em>#007-1 NeroQom\u00ae Consultancy<\/em><\/a><br \/><a href=\"https:\/\/neroqomservices.com\/de\/dm-wash\/\"><em>#080-2 NeroQom\u00ae Basic Wash<\/em><\/a><br \/><a href=\"https:\/\/neroqomservices.com\/de\/dm-wash\/\"><em>#080-3 NeroQom\u00ae <\/em><em>Check-up Wash<\/em><\/a><\/p>\t\t\t\t\t\t<\/div>\n\t\t\t\t<\/div>\n\t\t\t\t<div class=\"elementor-element elementor-element-29ba014 elementor-widget elementor-widget-text-editor\" data-id=\"29ba014\" data-element_type=\"widget\" data-widget_type=\"text-editor.default\">\n\t\t\t\t<div class=\"elementor-widget-container\">\n\t\t\t\t\t\t\t<p><span style=\"color: #000000;\"><strong><span style=\"vertical-align: inherit;\"><span style=\"vertical-align: inherit;\"><span style=\"vertical-align: inherit;\"><span style=\"vertical-align: inherit;\">Downloads:<\/span><\/span><\/span><\/span><\/strong><\/span><\/p><p><em><a href=\"http:\/\/neroqomservices.com\/wp-content\/uploads\/2020\/06\/construction_comm_apr20-1.pdf\" target=\"_blank\" rel=\"noopener\"><span style=\"vertical-align: inherit;\"><span style=\"vertical-align: inherit;\"><span style=\"vertical-align: inherit;\"><span style=\"vertical-align: inherit;\">Construction with N<\/span><\/span><\/span><\/span><span style=\"vertical-align: inherit;\"><span style=\"vertical-align: inherit;\"><span style=\"vertical-align: inherit;\"><span style=\"vertical-align: inherit;\">eroQom\u00ae (PDF, 2MB)<\/span><\/span><\/span><\/span><\/a><\/em><br \/><em><a href=\"http:\/\/neroqomservices.com\/wp-content\/uploads\/2020\/06\/ADAPTS_control_correction_comm_apr20.pdf\" target=\"_blank\" rel=\"noopener\">#000-2 NeroQom\u00ae ADAPTS Control &amp; Correction (PDF, 341KB)<\/a><\/em><br \/><em><a href=\"http:\/\/neroqomservices.com\/wp-content\/uploads\/2020\/06\/accessibility_commercial_apr20.pdf\" target=\"_blank\" rel=\"noopener\">#001-1 NeroQom\u00ae PM Accessibility (PDF, 334KB)<\/a><\/em><br \/><em><a href=\"http:\/\/neroqomservices.com\/wp-content\/uploads\/2020\/06\/temporary_protect_commercial_text_apr20.pdf\" target=\"_blank\" rel=\"noopener\">#060 NeroQom\u00ae Temporary Protect (PDF, 220KB)<\/a><\/em><br \/><em><a href=\"http:\/\/neroqomservices.com\/wp-content\/uploads\/2020\/06\/wash_commercial_text_apr20.pdf\" target=\"_blank\" rel=\"noopener\">#080 NeroQom\u00ae Wash (PDF, 341KB)<\/a><\/em><\/p>\t\t\t\t\t\t<\/div>\n\t\t\t\t<\/div>\n\t\t\t\t\t<\/div>\n\t\t<\/div>\n\t\t\t\t\t\t\t<\/div>\n\t\t<\/section>\n\t\t\t\t\t\t\t<\/div>","protected":false},"excerpt":{"rendered":"<p>Home &gt; Sectors &gt; Construction Construction A new project during the build phase is one of the most intense environments we work in. Whether it\u2019s laying down a a next generation superyacht or crafting a new building, the complexity of the work and range of contractors operating at once can be a huge challenge which [&hellip;]<\/p>","protected":false},"author":3,"featured_media":0,"parent":0,"menu_order":0,"comment_status":"closed","ping_status":"closed","template":"elementor_header_footer","meta":{"footnotes":""},"class_list":["post-355","page","type-page","status-publish","hentry"],"yoast_head":"<!-- This site is optimized with the Yoast SEO plugin v21.3 - https:\/\/yoast.com\/wordpress\/plugins\/seo\/ -->\n<title>Construction - NeroQom Services<\/title>\n<meta name=\"robots\" content=\"index, follow, max-snippet:-1, max-image-preview:large, max-video-preview:-1\" \/>\n<link rel=\"canonical\" href=\"https:\/\/neroqomservices.com\/de\/construction\/\" \/>\n<meta property=\"og:locale\" content=\"de_DE\" \/>\n<meta property=\"og:type\" content=\"article\" \/>\n<meta property=\"og:title\" content=\"Construction - NeroQom Services\" \/>\n<meta property=\"og:description\" content=\"Home &gt; Sectors &gt; Construction Construction A new project during the build phase is one of the most intense environments we work in. Whether it\u2019s laying down a a next generation superyacht or crafting a new building, the complexity of the work and range of contractors operating at once can be a huge challenge which [&hellip;]\" \/>\n<meta property=\"og:url\" content=\"https:\/\/neroqomservices.com\/de\/construction\/\" \/>\n<meta property=\"og:site_name\" content=\"NeroQom Services\" \/>\n<meta property=\"article:modified_time\" content=\"2020-06-17T08:03:27+00:00\" \/>\n<meta property=\"og:image\" content=\"http:\/\/neroqomservices.com\/wp-content\/uploads\/2020\/05\/construction_1-150x150.jpg\" \/>\n<meta name=\"twitter:card\" content=\"summary_large_image\" \/>\n<meta name=\"twitter:label1\" content=\"Gesch\u00e4tzte Lesezeit\" \/>\n\t<meta name=\"twitter:data1\" content=\"2\u00a0Minuten\" \/>\n<script type=\"application\/ld+json\" class=\"yoast-schema-graph\">{\"@context\":\"https:\/\/schema.org\",\"@graph\":[{\"@type\":\"WebPage\",\"@id\":\"http:\/\/neroqomservices.com\/construction\/\",\"url\":\"http:\/\/neroqomservices.com\/construction\/\",\"name\":\"Construction - NeroQom Services\",\"isPartOf\":{\"@id\":\"http:\/\/neroqomservices.com\/#website\"},\"datePublished\":\"2019-12-31T15:21:51+00:00\",\"dateModified\":\"2020-06-17T08:03:27+00:00\",\"breadcrumb\":{\"@id\":\"http:\/\/neroqomservices.com\/construction\/#breadcrumb\"},\"inLanguage\":\"de\",\"potentialAction\":[{\"@type\":\"ReadAction\",\"target\":[\"http:\/\/neroqomservices.com\/construction\/\"]}]},{\"@type\":\"BreadcrumbList\",\"@id\":\"http:\/\/neroqomservices.com\/construction\/#breadcrumb\",\"itemListElement\":[{\"@type\":\"ListItem\",\"position\":1,\"name\":\"Home\",\"item\":\"http:\/\/neroqomservices.com\/\"},{\"@type\":\"ListItem\",\"position\":2,\"name\":\"Construction\"}]},{\"@type\":\"WebSite\",\"@id\":\"http:\/\/neroqomservices.com\/#website\",\"url\":\"http:\/\/neroqomservices.com\/\",\"name\":\"NeroQom Services\",\"description\":\"\",\"publisher\":{\"@id\":\"http:\/\/neroqomservices.com\/#organization\"},\"potentialAction\":[{\"@type\":\"SearchAction\",\"target\":{\"@type\":\"EntryPoint\",\"urlTemplate\":\"http:\/\/neroqomservices.com\/?s={search_term_string}\"},\"query-input\":\"required name=search_term_string\"}],\"inLanguage\":\"de\"},{\"@type\":\"Organization\",\"@id\":\"http:\/\/neroqomservices.com\/#organization\",\"name\":\"NeroQom Services\",\"url\":\"http:\/\/neroqomservices.com\/\",\"logo\":{\"@type\":\"ImageObject\",\"inLanguage\":\"de\",\"@id\":\"http:\/\/neroqomservices.com\/#\/schema\/logo\/image\/\",\"url\":\"https:\/\/neroqomservices.com\/wp-content\/uploads\/2020\/01\/neroqom_logo_black_300px_1218.png\",\"contentUrl\":\"https:\/\/neroqomservices.com\/wp-content\/uploads\/2020\/01\/neroqom_logo_black_300px_1218.png\",\"width\":300,\"height\":75,\"caption\":\"NeroQom Services\"},\"image\":{\"@id\":\"http:\/\/neroqomservices.com\/#\/schema\/logo\/image\/\"}}]}<\/script>\n<!-- \/ Yoast SEO plugin. -->","yoast_head_json":{"title":"Construction - NeroQom Services","robots":{"index":"index","follow":"follow","max-snippet":"max-snippet:-1","max-image-preview":"max-image-preview:large","max-video-preview":"max-video-preview:-1"},"canonical":"https:\/\/neroqomservices.com\/de\/construction\/","og_locale":"de_DE","og_type":"article","og_title":"Construction - NeroQom Services","og_description":"Home &gt; Sectors &gt; Construction Construction A new project during the build phase is one of the most intense environments we work in. Whether it\u2019s laying down a a next generation superyacht or crafting a new building, the complexity of the work and range of contractors operating at once can be a huge challenge which [&hellip;]","og_url":"https:\/\/neroqomservices.com\/de\/construction\/","og_site_name":"NeroQom Services","article_modified_time":"2020-06-17T08:03:27+00:00","og_image":[{"url":"http:\/\/neroqomservices.com\/wp-content\/uploads\/2020\/05\/construction_1-150x150.jpg"}],"twitter_card":"summary_large_image","twitter_misc":{"Gesch\u00e4tzte Lesezeit":"2\u00a0Minuten"},"schema":{"@context":"https:\/\/schema.org","@graph":[{"@type":"WebPage","@id":"http:\/\/neroqomservices.com\/construction\/","url":"http:\/\/neroqomservices.com\/construction\/","name":"Construction - NeroQom Services","isPartOf":{"@id":"http:\/\/neroqomservices.com\/#website"},"datePublished":"2019-12-31T15:21:51+00:00","dateModified":"2020-06-17T08:03:27+00:00","breadcrumb":{"@id":"http:\/\/neroqomservices.com\/construction\/#breadcrumb"},"inLanguage":"de","potentialAction":[{"@type":"ReadAction","target":["http:\/\/neroqomservices.com\/construction\/"]}]},{"@type":"BreadcrumbList","@id":"http:\/\/neroqomservices.com\/construction\/#breadcrumb","itemListElement":[{"@type":"ListItem","position":1,"name":"Home","item":"http:\/\/neroqomservices.com\/"},{"@type":"ListItem","position":2,"name":"Construction"}]},{"@type":"WebSite","@id":"http:\/\/neroqomservices.com\/#website","url":"http:\/\/neroqomservices.com\/","name":"NeroQom Services","description":"","publisher":{"@id":"http:\/\/neroqomservices.com\/#organization"},"potentialAction":[{"@type":"SearchAction","target":{"@type":"EntryPoint","urlTemplate":"http:\/\/neroqomservices.com\/?s={search_term_string}"},"query-input":"required name=search_term_string"}],"inLanguage":"de"},{"@type":"Organization","@id":"http:\/\/neroqomservices.com\/#organization","name":"NeroQom Services","url":"http:\/\/neroqomservices.com\/","logo":{"@type":"ImageObject","inLanguage":"de","@id":"http:\/\/neroqomservices.com\/#\/schema\/logo\/image\/","url":"https:\/\/neroqomservices.com\/wp-content\/uploads\/2020\/01\/neroqom_logo_black_300px_1218.png","contentUrl":"https:\/\/neroqomservices.com\/wp-content\/uploads\/2020\/01\/neroqom_logo_black_300px_1218.png","width":300,"height":75,"caption":"NeroQom Services"},"image":{"@id":"http:\/\/neroqomservices.com\/#\/schema\/logo\/image\/"}}]}},"_links":{"self":[{"href":"https:\/\/neroqomservices.com\/de\/wp-json\/wp\/v2\/pages\/355","targetHints":{"allow":["GET"]}}],"collection":[{"href":"https:\/\/neroqomservices.com\/de\/wp-json\/wp\/v2\/pages"}],"about":[{"href":"https:\/\/neroqomservices.com\/de\/wp-json\/wp\/v2\/types\/page"}],"author":[{"embeddable":true,"href":"https:\/\/neroqomservices.com\/de\/wp-json\/wp\/v2\/users\/3"}],"replies":[{"embeddable":true,"href":"https:\/\/neroqomservices.com\/de\/wp-json\/wp\/v2\/comments?post=355"}],"version-history":[{"count":0,"href":"https:\/\/neroqomservices.com\/de\/wp-json\/wp\/v2\/pages\/355\/revisions"}],"wp:attachment":[{"href":"https:\/\/neroqomservices.com\/de\/wp-json\/wp\/v2\/media?parent=355"}],"curies":[{"name":"wp","href":"https:\/\/api.w.org\/{rel}","templated":true}]}}