{"id":452,"date":"2020-03-19T15:05:28","date_gmt":"2020-03-19T15:05:28","guid":{"rendered":"http:\/\/neroqomservices.com\/?page_id=452"},"modified":"2020-06-17T08:06:45","modified_gmt":"2020-06-17T08:06:45","slug":"design","status":"publish","type":"page","link":"https:\/\/neroqomservices.com\/de\/design\/","title":{"rendered":"Design"},"content":{"rendered":"<div data-elementor-type=\"wp-page\" data-elementor-id=\"452\" class=\"elementor elementor-452\">\n\t\t\t\t\t\t\t\t\t<section class=\"elementor-section elementor-top-section elementor-element elementor-element-66f8ee0 elementor-section-boxed elementor-section-height-default elementor-section-height-default\" data-id=\"66f8ee0\" data-element_type=\"section\">\n\t\t\t\t\t\t<div class=\"elementor-container elementor-column-gap-default\">\n\t\t\t\t\t<div class=\"elementor-column elementor-col-100 elementor-top-column elementor-element elementor-element-6a36c7b\" data-id=\"6a36c7b\" data-element_type=\"column\">\n\t\t\t<div class=\"elementor-widget-wrap elementor-element-populated\">\n\t\t\t\t\t\t\t\t<div class=\"elementor-element elementor-element-cb800d8 elementor-widget elementor-widget-text-editor\" data-id=\"cb800d8\" data-element_type=\"widget\" data-widget_type=\"text-editor.default\">\n\t\t\t\t<div class=\"elementor-widget-container\">\n\t\t\t\t\t\t\t<p><a href=\"https:\/\/neroqomservices.com\/de\/\">Home<\/a> &gt; <a href=\"https:\/\/neroqomservices.com\/de\/sectors\/\">Bereiche<\/a> &gt; Design<\/p>\t\t\t\t\t\t<\/div>\n\t\t\t\t<\/div>\n\t\t\t\t\t<\/div>\n\t\t<\/div>\n\t\t\t\t\t\t\t<\/div>\n\t\t<\/section>\n\t\t\t\t<section class=\"elementor-section elementor-top-section elementor-element elementor-element-6a993df elementor-section-boxed elementor-section-height-default elementor-section-height-default\" data-id=\"6a993df\" data-element_type=\"section\">\n\t\t\t\t\t\t<div class=\"elementor-container elementor-column-gap-default\">\n\t\t\t\t\t<div class=\"elementor-column elementor-col-50 elementor-top-column elementor-element elementor-element-7c6bd89\" data-id=\"7c6bd89\" data-element_type=\"column\">\n\t\t\t<div class=\"elementor-widget-wrap elementor-element-populated\">\n\t\t\t\t\t\t\t\t<div class=\"elementor-element elementor-element-b6c0ff4 elementor-widget elementor-widget-heading\" data-id=\"b6c0ff4\" data-element_type=\"widget\" data-widget_type=\"heading.default\">\n\t\t\t\t<div class=\"elementor-widget-container\">\n\t\t\t<h2 class=\"elementor-heading-title elementor-size-default\">Design<\/h2>\t\t<\/div>\n\t\t\t\t<\/div>\n\t\t\t\t<div class=\"elementor-element elementor-element-caf59e0 elementor-widget elementor-widget-text-editor\" data-id=\"caf59e0\" data-element_type=\"widget\" data-widget_type=\"text-editor.default\">\n\t\t\t\t<div class=\"elementor-widget-container\">\n\t\t\t\t\t\t\t<p>Ganz gleich, ob Sie als Architekt ein wundersch\u00f6nes Hochhaus entwerfen, als Schiffsdesigner eine luxuri\u00f6se Superyacht kreieren oder als Designer einen bestehenden Raum neu gestalten - Inspiration ist der Schl\u00fcssel zum Erfolg. Und die beste Quelle der Inspiration? Eine frische Perspektive.<\/p><p>Hier kommen wir ins Spiel.<\/p><p>Mit der Bandbreite und dem Umfang verschiedener Projekte, Superyachten, prestigetr\u00e4chtiger Geb\u00e4ude und Standorte, an denen wir gearbeitet haben, ist NeroQom eine gro\u00dfartige Quelle f\u00fcr Ideen f\u00fcr Sie\nund Ihr Team.<\/p><p>Wir k\u00f6nnen Sie sowohl aus visueller als auch aus technischer Sicht beraten und Ihnen Feedback zu den Materialien, ihrer Zusammenarbeit und den technischen Aspekten ihrer Pflege geben.<\/p><p>Wenn NeroQom Ihrem Designteam zur Seite steht, werden wir Ihnen helfen:<\/p><ul><li><span style=\"color: #000000;\"><em>Ber\u00fccksichtigung einzigartiger Materialien<\/em><\/span><\/li><li><span style=\"color: #000000;\"><em>Planung f\u00fcr die Zukunft Ihres Entwurfs<\/em><\/span><\/li><li><span style=\"color: #000000;\"><em>Zusammenspiel verschiedener Materialien gew\u00e4hrleisten<\/em><\/span><\/li><li><span style=\"color: #000000;\"><em>Entwurf von Wartungspl\u00e4nen<\/em><\/span><\/li><\/ul>\t\t\t\t\t\t<\/div>\n\t\t\t\t<\/div>\n\t\t\t\t\t<\/div>\n\t\t<\/div>\n\t\t\t\t<div class=\"elementor-column elementor-col-50 elementor-top-column elementor-element elementor-element-c0db7b7\" data-id=\"c0db7b7\" data-element_type=\"column\">\n\t\t\t<div class=\"elementor-widget-wrap elementor-element-populated\">\n\t\t\t\t\t\t\t\t<div class=\"elementor-element elementor-element-0d97e00 elementor-widget elementor-widget-text-editor\" data-id=\"0d97e00\" data-element_type=\"widget\" data-widget_type=\"text-editor.default\">\n\t\t\t\t<div class=\"elementor-widget-container\">\n\t\t\t\t\t\t\t<p><span style=\"color: #ff0000;\"><strong><span style=\"vertical-align: inherit;\"><span style=\"vertical-align: inherit;\"><span style=\"vertical-align: inherit;\"><span style=\"vertical-align: inherit;\">Warum Sie uns brauchen:<\/span><\/span><\/span><\/span><\/strong><\/span><\/p><ul><li>Unsere Ideen stammen aus 20-j\u00e4hriger Erfahrung<\/li><li>Wir bringen Design und technische Inspiration<\/li><li>Wir helfen Ihnen, Nachhaltigkeit von Anfang an einzubauen<\/li><li>Ganz gleich, ob Sie technischen oder \u00e4sthetischen Input ben\u00f6tigen, wir sind in einzigartiger Weise qualifiziert, Ihnen zu helfen<\/li><li>Unabh\u00e4ngig von der Art des Materials, das Sie verwenden m\u00f6chten, helfen wir Ihnen bei der Planung von Entwurf, Bau und wartung\u00a0<\/li><li>Bei einzigartigen, einmaligen oder ma\u00dfgefertigten Materialien k\u00f6nnen wir Sie bei jedem Schritt beraten, sogar bei der Produktion und dem Transport zum Standort<\/li><li>Mit NeroQom bleibt Ihr Design mit vorgeplanten Wartungs- und Schutzzyklen vom ersten Tag an l\u00e4nger n\u00e4her an Ihrer Vision<\/li><li>Unser Kundenportfolio spricht f\u00fcr die Qualit\u00e4t und die Standards, die wir f\u00fcr Sie erreichen k\u00f6nnen<\/li><\/ul>\t\t\t\t\t\t<\/div>\n\t\t\t\t<\/div>\n\t\t\t\t\t<\/div>\n\t\t<\/div>\n\t\t\t\t\t\t\t<\/div>\n\t\t<\/section>\n\t\t\t\t<section class=\"elementor-section elementor-top-section elementor-element elementor-element-27233cb elementor-section-boxed elementor-section-height-default elementor-section-height-default\" data-id=\"27233cb\" data-element_type=\"section\">\n\t\t\t\t\t\t<div class=\"elementor-container elementor-column-gap-default\">\n\t\t\t\t\t<div class=\"elementor-column elementor-col-50 elementor-top-column elementor-element elementor-element-2be0b6f\" data-id=\"2be0b6f\" data-element_type=\"column\">\n\t\t\t<div class=\"elementor-widget-wrap elementor-element-populated\">\n\t\t\t\t\t\t\t\t<div class=\"elementor-element elementor-element-54e350b elementor-widget elementor-widget-text-editor\" data-id=\"54e350b\" data-element_type=\"widget\" data-widget_type=\"text-editor.default\">\n\t\t\t\t<div class=\"elementor-widget-container\">\n\t\t\t\t\t\t\t<p><span style=\"color: #000000;\"><strong>Unsere Arbeit:<\/strong><\/span><\/p>\t\t\t\t\t\t<\/div>\n\t\t\t\t<\/div>\n\t\t\t\t<div class=\"elementor-element elementor-element-240468b elementor-widget elementor-widget-image-gallery\" data-id=\"240468b\" data-element_type=\"widget\" data-widget_type=\"image-gallery.default\">\n\t\t\t\t<div class=\"elementor-widget-container\">\n\t\t\t\t\t<div class=\"elementor-image-gallery\">\n\t\t\t<div id='gallery-1' class='gallery galleryid-452 gallery-columns-3 gallery-size-thumbnail'><figure class='gallery-item'>\n\t\t\t<div class='gallery-icon landscape'>\n\t\t\t\t<a data-elementor-open-lightbox=\"yes\" data-elementor-lightbox-slideshow=\"240468b\" data-elementor-lightbox-title=\"design_1\" data-e-action-hash=\"#elementor-action%3Aaction%3Dlightbox%26settings%3DeyJpZCI6MTAxMSwidXJsIjoiaHR0cHM6XC9cL25lcm9xb21zZXJ2aWNlcy5jb21cL3dwLWNvbnRlbnRcL3VwbG9hZHNcLzIwMjBcLzA1XC9kZXNpZ25fMS5wbmciLCJzbGlkZXNob3ciOiIyNDA0NjhiIn0%3D\" href='https:\/\/neroqomservices.com\/wp-content\/uploads\/2020\/05\/design_1.png'><img loading=\"lazy\" decoding=\"async\" width=\"150\" height=\"150\" src=\"https:\/\/neroqomservices.com\/wp-content\/uploads\/2020\/05\/design_1-150x150.png\" class=\"attachment-thumbnail size-thumbnail\" alt=\"\" \/><\/a>\n\t\t\t<\/div><\/figure><figure class='gallery-item'>\n\t\t\t<div class='gallery-icon portrait'>\n\t\t\t\t<a data-elementor-open-lightbox=\"yes\" data-elementor-lightbox-slideshow=\"240468b\" data-elementor-lightbox-title=\"design_2\" data-e-action-hash=\"#elementor-action%3Aaction%3Dlightbox%26settings%3DeyJpZCI6MTAxMiwidXJsIjoiaHR0cHM6XC9cL25lcm9xb21zZXJ2aWNlcy5jb21cL3dwLWNvbnRlbnRcL3VwbG9hZHNcLzIwMjBcLzA1XC9kZXNpZ25fMi5wbmciLCJzbGlkZXNob3ciOiIyNDA0NjhiIn0%3D\" href='https:\/\/neroqomservices.com\/wp-content\/uploads\/2020\/05\/design_2.png'><img loading=\"lazy\" decoding=\"async\" width=\"150\" height=\"150\" src=\"https:\/\/neroqomservices.com\/wp-content\/uploads\/2020\/05\/design_2-150x150.png\" class=\"attachment-thumbnail size-thumbnail\" alt=\"\" \/><\/a>\n\t\t\t<\/div><\/figure><figure class='gallery-item'>\n\t\t\t<div class='gallery-icon landscape'>\n\t\t\t\t<a data-elementor-open-lightbox=\"yes\" data-elementor-lightbox-slideshow=\"240468b\" data-elementor-lightbox-title=\"design_3\" data-e-action-hash=\"#elementor-action%3Aaction%3Dlightbox%26settings%3DeyJpZCI6MTAxMywidXJsIjoiaHR0cHM6XC9cL25lcm9xb21zZXJ2aWNlcy5jb21cL3dwLWNvbnRlbnRcL3VwbG9hZHNcLzIwMjBcLzA1XC9kZXNpZ25fMy5wbmciLCJzbGlkZXNob3ciOiIyNDA0NjhiIn0%3D\" href='https:\/\/neroqomservices.com\/wp-content\/uploads\/2020\/05\/design_3.png'><img loading=\"lazy\" decoding=\"async\" width=\"150\" height=\"150\" src=\"https:\/\/neroqomservices.com\/wp-content\/uploads\/2020\/05\/design_3-150x150.png\" class=\"attachment-thumbnail size-thumbnail\" alt=\"\" \/><\/a>\n\t\t\t<\/div><\/figure><figure class='gallery-item'>\n\t\t\t<div class='gallery-icon landscape'>\n\t\t\t\t<a data-elementor-open-lightbox=\"yes\" data-elementor-lightbox-slideshow=\"240468b\" data-elementor-lightbox-title=\"design_4\" data-e-action-hash=\"#elementor-action%3Aaction%3Dlightbox%26settings%3DeyJpZCI6MTAxNCwidXJsIjoiaHR0cHM6XC9cL25lcm9xb21zZXJ2aWNlcy5jb21cL3dwLWNvbnRlbnRcL3VwbG9hZHNcLzIwMjBcLzA1XC9kZXNpZ25fNC5wbmciLCJzbGlkZXNob3ciOiIyNDA0NjhiIn0%3D\" href='https:\/\/neroqomservices.com\/wp-content\/uploads\/2020\/05\/design_4.png'><img loading=\"lazy\" decoding=\"async\" width=\"150\" height=\"150\" src=\"https:\/\/neroqomservices.com\/wp-content\/uploads\/2020\/05\/design_4-150x150.png\" class=\"attachment-thumbnail size-thumbnail\" alt=\"\" \/><\/a>\n\t\t\t<\/div><\/figure><figure class='gallery-item'>\n\t\t\t<div class='gallery-icon landscape'>\n\t\t\t\t<a data-elementor-open-lightbox=\"yes\" data-elementor-lightbox-slideshow=\"240468b\" data-elementor-lightbox-title=\"design_7\" data-e-action-hash=\"#elementor-action%3Aaction%3Dlightbox%26settings%3DeyJpZCI6MTAxNywidXJsIjoiaHR0cHM6XC9cL25lcm9xb21zZXJ2aWNlcy5jb21cL3dwLWNvbnRlbnRcL3VwbG9hZHNcLzIwMjBcLzA1XC9kZXNpZ25fNy5wbmciLCJzbGlkZXNob3ciOiIyNDA0NjhiIn0%3D\" href='https:\/\/neroqomservices.com\/wp-content\/uploads\/2020\/05\/design_7.png'><img loading=\"lazy\" decoding=\"async\" width=\"150\" height=\"150\" src=\"https:\/\/neroqomservices.com\/wp-content\/uploads\/2020\/05\/design_7-150x150.png\" class=\"attachment-thumbnail size-thumbnail\" alt=\"\" \/><\/a>\n\t\t\t<\/div><\/figure><figure class='gallery-item'>\n\t\t\t<div class='gallery-icon portrait'>\n\t\t\t\t<a data-elementor-open-lightbox=\"yes\" data-elementor-lightbox-slideshow=\"240468b\" data-elementor-lightbox-title=\"design_8\" data-e-action-hash=\"#elementor-action%3Aaction%3Dlightbox%26settings%3DeyJpZCI6MTA2MCwidXJsIjoiaHR0cHM6XC9cL25lcm9xb21zZXJ2aWNlcy5jb21cL3dwLWNvbnRlbnRcL3VwbG9hZHNcLzIwMjBcLzA2XC9kZXNpZ25fOC5wbmciLCJzbGlkZXNob3ciOiIyNDA0NjhiIn0%3D\" href='https:\/\/neroqomservices.com\/wp-content\/uploads\/2020\/06\/design_8.png'><img loading=\"lazy\" decoding=\"async\" width=\"150\" height=\"150\" src=\"https:\/\/neroqomservices.com\/wp-content\/uploads\/2020\/06\/design_8-150x150.png\" class=\"attachment-thumbnail size-thumbnail\" alt=\"\" \/><\/a>\n\t\t\t<\/div><\/figure><figure class='gallery-item'>\n\t\t\t<div class='gallery-icon portrait'>\n\t\t\t\t<a data-elementor-open-lightbox=\"yes\" data-elementor-lightbox-slideshow=\"240468b\" data-elementor-lightbox-title=\"design_9\" data-e-action-hash=\"#elementor-action%3Aaction%3Dlightbox%26settings%3DeyJpZCI6MTA2MSwidXJsIjoiaHR0cHM6XC9cL25lcm9xb21zZXJ2aWNlcy5jb21cL3dwLWNvbnRlbnRcL3VwbG9hZHNcLzIwMjBcLzA2XC9kZXNpZ25fOS5wbmciLCJzbGlkZXNob3ciOiIyNDA0NjhiIn0%3D\" href='https:\/\/neroqomservices.com\/wp-content\/uploads\/2020\/06\/design_9.png'><img loading=\"lazy\" decoding=\"async\" width=\"150\" height=\"150\" src=\"https:\/\/neroqomservices.com\/wp-content\/uploads\/2020\/06\/design_9-150x150.png\" class=\"attachment-thumbnail size-thumbnail\" alt=\"\" \/><\/a>\n\t\t\t<\/div><\/figure>\n\t\t<\/div>\n\t\t<\/div>\n\t\t\t\t<\/div>\n\t\t\t\t<\/div>\n\t\t\t\t\t<\/div>\n\t\t<\/div>\n\t\t\t\t<div class=\"elementor-column elementor-col-50 elementor-top-column elementor-element elementor-element-a0b2ffa\" data-id=\"a0b2ffa\" data-element_type=\"column\">\n\t\t\t<div class=\"elementor-widget-wrap elementor-element-populated\">\n\t\t\t\t\t\t\t\t<div class=\"elementor-element elementor-element-29489d5 elementor-widget elementor-widget-text-editor\" data-id=\"29489d5\" data-element_type=\"widget\" data-widget_type=\"text-editor.default\">\n\t\t\t\t<div class=\"elementor-widget-container\">\n\t\t\t\t\t\t\t<p><span style=\"color: #000000;\"><strong><span style=\"vertical-align: inherit;\"><span style=\"vertical-align: inherit;\"><span style=\"vertical-align: inherit;\"><span style=\"vertical-align: inherit;\"><span style=\"vertical-align: inherit;\"><span style=\"vertical-align: inherit;\"><span style=\"vertical-align: inherit;\"><span style=\"vertical-align: inherit;\">Key Disciplines:<\/span><\/span><\/span><\/span><\/span><\/span><\/span><\/span><\/strong><\/span><\/p><p><a href=\"http:\/\/neroqomservices.com\/de\/dm-advanced-solutions\/\">#005-1 NeroQom\u00ae Custom Discipline<\/a><br \/><a href=\"http:\/\/neroqomservices.com\/de\/dm-advanced-solutions\/\">#005-2 NeroQom\u00ae Custom Materials<\/a><br \/><a href=\"https:\/\/neroqomservices.com\/de\/dm-vision\/\">#006-1 NeroQom\u00ae Build<\/a><br \/><a href=\"https:\/\/neroqomservices.com\/de\/dm-vision\/\">#006-2 NeroQom\u00ae Design<\/a><br \/><a href=\"https:\/\/neroqomservices.com\/de\/dm-vision\/\">#006-3 NeroQom\u00ae Reimagine<\/a><\/p>\t\t\t\t\t\t<\/div>\n\t\t\t\t<\/div>\n\t\t\t\t<div class=\"elementor-element elementor-element-29ba014 elementor-widget elementor-widget-text-editor\" data-id=\"29ba014\" data-element_type=\"widget\" data-widget_type=\"text-editor.default\">\n\t\t\t\t<div class=\"elementor-widget-container\">\n\t\t\t\t\t\t\t<p><span style=\"color: #000000;\"><strong><span style=\"vertical-align: inherit;\"><span style=\"vertical-align: inherit;\"><span style=\"vertical-align: inherit;\"><span style=\"vertical-align: inherit;\">Downloads:<\/span><\/span><\/span><\/span><\/strong><\/span><\/p><p><em><a href=\"http:\/\/neroqomservices.com\/wp-content\/uploads\/2020\/06\/architect_comm_apr20.pdf\" target=\"_blank\" rel=\"noopener\">Architects: working with NeroQom\u00ae (PDF, 649KB)<\/a><br \/><\/em><em><a href=\"http:\/\/neroqomservices.com\/wp-content\/uploads\/2020\/06\/advanced_solutions_commercial_apr20.pdf\" target=\"_blank\" rel=\"noopener\">#005 NeroQom\u00ae Advanced Solutions (PDF, 388KB)<\/a><\/em><br \/><em><a href=\"http:\/\/neroqomservices.com\/wp-content\/uploads\/2020\/06\/vision_comm_apr20.pdf\" target=\"_blank\" rel=\"noopener\"><span style=\"vertical-align: inherit;\"><span style=\"vertical-align: inherit;\"><span style=\"vertical-align: inherit;\"><span style=\"vertical-align: inherit;\">#006 NeroQom\u00ae Vision (PDF, 226KB)<\/span><\/span><\/span><\/span><\/a><\/em><br \/><br \/><\/p>\t\t\t\t\t\t<\/div>\n\t\t\t\t<\/div>\n\t\t\t\t\t<\/div>\n\t\t<\/div>\n\t\t\t\t\t\t\t<\/div>\n\t\t<\/section>\n\t\t\t\t\t\t\t<\/div>","protected":false},"excerpt":{"rendered":"<p>Home &gt; Sectors &gt; Design Design Whether you\u2019re an Architect designing a gorgeous high-rise, a Ship designer creating a luxurious superyacht or a Designer reimaging an existing space, inspiration is key. And the best source of inspiration? Fresh perspective. That\u2019s where we come in. With the range and scope of different projects, superyachts, prestigious buildings [&hellip;]<\/p>","protected":false},"author":3,"featured_media":0,"parent":0,"menu_order":0,"comment_status":"closed","ping_status":"closed","template":"elementor_header_footer","meta":{"footnotes":""},"class_list":["post-452","page","type-page","status-publish","hentry"],"yoast_head":"<!-- This site is optimized with the Yoast SEO plugin v21.3 - https:\/\/yoast.com\/wordpress\/plugins\/seo\/ -->\n<title>Design - NeroQom Services<\/title>\n<meta name=\"robots\" content=\"index, follow, max-snippet:-1, max-image-preview:large, max-video-preview:-1\" \/>\n<link rel=\"canonical\" href=\"https:\/\/neroqomservices.com\/de\/design\/\" \/>\n<meta property=\"og:locale\" content=\"de_DE\" \/>\n<meta property=\"og:type\" content=\"article\" \/>\n<meta property=\"og:title\" content=\"Design - NeroQom Services\" \/>\n<meta property=\"og:description\" content=\"Home &gt; Sectors &gt; Design Design Whether you\u2019re an Architect designing a gorgeous high-rise, a Ship designer creating a luxurious superyacht or a Designer reimaging an existing space, inspiration is key. And the best source of inspiration? Fresh perspective. That\u2019s where we come in. With the range and scope of different projects, superyachts, prestigious buildings [&hellip;]\" \/>\n<meta property=\"og:url\" content=\"https:\/\/neroqomservices.com\/de\/design\/\" \/>\n<meta property=\"og:site_name\" content=\"NeroQom Services\" \/>\n<meta property=\"article:modified_time\" content=\"2020-06-17T08:06:45+00:00\" \/>\n<meta property=\"og:image\" content=\"http:\/\/neroqomservices.com\/wp-content\/uploads\/2020\/05\/design_1-150x150.png\" \/>\n<meta name=\"twitter:card\" content=\"summary_large_image\" \/>\n<meta name=\"twitter:label1\" content=\"Gesch\u00e4tzte Lesezeit\" \/>\n\t<meta name=\"twitter:data1\" content=\"1\u00a0Minute\" \/>\n<script type=\"application\/ld+json\" class=\"yoast-schema-graph\">{\"@context\":\"https:\/\/schema.org\",\"@graph\":[{\"@type\":\"WebPage\",\"@id\":\"http:\/\/neroqomservices.com\/design\/\",\"url\":\"http:\/\/neroqomservices.com\/design\/\",\"name\":\"Design - NeroQom Services\",\"isPartOf\":{\"@id\":\"http:\/\/neroqomservices.com\/#website\"},\"datePublished\":\"2020-03-19T15:05:28+00:00\",\"dateModified\":\"2020-06-17T08:06:45+00:00\",\"breadcrumb\":{\"@id\":\"http:\/\/neroqomservices.com\/design\/#breadcrumb\"},\"inLanguage\":\"de\",\"potentialAction\":[{\"@type\":\"ReadAction\",\"target\":[\"http:\/\/neroqomservices.com\/design\/\"]}]},{\"@type\":\"BreadcrumbList\",\"@id\":\"http:\/\/neroqomservices.com\/design\/#breadcrumb\",\"itemListElement\":[{\"@type\":\"ListItem\",\"position\":1,\"name\":\"Home\",\"item\":\"http:\/\/neroqomservices.com\/\"},{\"@type\":\"ListItem\",\"position\":2,\"name\":\"Design\"}]},{\"@type\":\"WebSite\",\"@id\":\"http:\/\/neroqomservices.com\/#website\",\"url\":\"http:\/\/neroqomservices.com\/\",\"name\":\"NeroQom Services\",\"description\":\"\",\"publisher\":{\"@id\":\"http:\/\/neroqomservices.com\/#organization\"},\"potentialAction\":[{\"@type\":\"SearchAction\",\"target\":{\"@type\":\"EntryPoint\",\"urlTemplate\":\"http:\/\/neroqomservices.com\/?s={search_term_string}\"},\"query-input\":\"required name=search_term_string\"}],\"inLanguage\":\"de\"},{\"@type\":\"Organization\",\"@id\":\"http:\/\/neroqomservices.com\/#organization\",\"name\":\"NeroQom Services\",\"url\":\"http:\/\/neroqomservices.com\/\",\"logo\":{\"@type\":\"ImageObject\",\"inLanguage\":\"de\",\"@id\":\"http:\/\/neroqomservices.com\/#\/schema\/logo\/image\/\",\"url\":\"https:\/\/neroqomservices.com\/wp-content\/uploads\/2020\/01\/neroqom_logo_black_300px_1218.png\",\"contentUrl\":\"https:\/\/neroqomservices.com\/wp-content\/uploads\/2020\/01\/neroqom_logo_black_300px_1218.png\",\"width\":300,\"height\":75,\"caption\":\"NeroQom Services\"},\"image\":{\"@id\":\"http:\/\/neroqomservices.com\/#\/schema\/logo\/image\/\"}}]}<\/script>\n<!-- \/ Yoast SEO plugin. -->","yoast_head_json":{"title":"Design - NeroQom Services","robots":{"index":"index","follow":"follow","max-snippet":"max-snippet:-1","max-image-preview":"max-image-preview:large","max-video-preview":"max-video-preview:-1"},"canonical":"https:\/\/neroqomservices.com\/de\/design\/","og_locale":"de_DE","og_type":"article","og_title":"Design - NeroQom Services","og_description":"Home &gt; Sectors &gt; Design Design Whether you\u2019re an Architect designing a gorgeous high-rise, a Ship designer creating a luxurious superyacht or a Designer reimaging an existing space, inspiration is key. And the best source of inspiration? Fresh perspective. That\u2019s where we come in. With the range and scope of different projects, superyachts, prestigious buildings [&hellip;]","og_url":"https:\/\/neroqomservices.com\/de\/design\/","og_site_name":"NeroQom Services","article_modified_time":"2020-06-17T08:06:45+00:00","og_image":[{"url":"http:\/\/neroqomservices.com\/wp-content\/uploads\/2020\/05\/design_1-150x150.png"}],"twitter_card":"summary_large_image","twitter_misc":{"Gesch\u00e4tzte Lesezeit":"1\u00a0Minute"},"schema":{"@context":"https:\/\/schema.org","@graph":[{"@type":"WebPage","@id":"http:\/\/neroqomservices.com\/design\/","url":"http:\/\/neroqomservices.com\/design\/","name":"Design - NeroQom Services","isPartOf":{"@id":"http:\/\/neroqomservices.com\/#website"},"datePublished":"2020-03-19T15:05:28+00:00","dateModified":"2020-06-17T08:06:45+00:00","breadcrumb":{"@id":"http:\/\/neroqomservices.com\/design\/#breadcrumb"},"inLanguage":"de","potentialAction":[{"@type":"ReadAction","target":["http:\/\/neroqomservices.com\/design\/"]}]},{"@type":"BreadcrumbList","@id":"http:\/\/neroqomservices.com\/design\/#breadcrumb","itemListElement":[{"@type":"ListItem","position":1,"name":"Home","item":"http:\/\/neroqomservices.com\/"},{"@type":"ListItem","position":2,"name":"Design"}]},{"@type":"WebSite","@id":"http:\/\/neroqomservices.com\/#website","url":"http:\/\/neroqomservices.com\/","name":"NeroQom Services","description":"","publisher":{"@id":"http:\/\/neroqomservices.com\/#organization"},"potentialAction":[{"@type":"SearchAction","target":{"@type":"EntryPoint","urlTemplate":"http:\/\/neroqomservices.com\/?s={search_term_string}"},"query-input":"required name=search_term_string"}],"inLanguage":"de"},{"@type":"Organization","@id":"http:\/\/neroqomservices.com\/#organization","name":"NeroQom Services","url":"http:\/\/neroqomservices.com\/","logo":{"@type":"ImageObject","inLanguage":"de","@id":"http:\/\/neroqomservices.com\/#\/schema\/logo\/image\/","url":"https:\/\/neroqomservices.com\/wp-content\/uploads\/2020\/01\/neroqom_logo_black_300px_1218.png","contentUrl":"https:\/\/neroqomservices.com\/wp-content\/uploads\/2020\/01\/neroqom_logo_black_300px_1218.png","width":300,"height":75,"caption":"NeroQom Services"},"image":{"@id":"http:\/\/neroqomservices.com\/#\/schema\/logo\/image\/"}}]}},"_links":{"self":[{"href":"https:\/\/neroqomservices.com\/de\/wp-json\/wp\/v2\/pages\/452","targetHints":{"allow":["GET"]}}],"collection":[{"href":"https:\/\/neroqomservices.com\/de\/wp-json\/wp\/v2\/pages"}],"about":[{"href":"https:\/\/neroqomservices.com\/de\/wp-json\/wp\/v2\/types\/page"}],"author":[{"embeddable":true,"href":"https:\/\/neroqomservices.com\/de\/wp-json\/wp\/v2\/users\/3"}],"replies":[{"embeddable":true,"href":"https:\/\/neroqomservices.com\/de\/wp-json\/wp\/v2\/comments?post=452"}],"version-history":[{"count":0,"href":"https:\/\/neroqomservices.com\/de\/wp-json\/wp\/v2\/pages\/452\/revisions"}],"wp:attachment":[{"href":"https:\/\/neroqomservices.com\/de\/wp-json\/wp\/v2\/media?parent=452"}],"curies":[{"name":"wp","href":"https:\/\/api.w.org\/{rel}","templated":true}]}}