{"id":620,"date":"2020-04-14T08:46:00","date_gmt":"2020-04-14T08:46:00","guid":{"rendered":"http:\/\/neroqomservices.com\/?page_id=620"},"modified":"2020-06-16T10:21:49","modified_gmt":"2020-06-16T10:21:49","slug":"terms","status":"publish","type":"page","link":"https:\/\/neroqomservices.com\/de\/terms\/","title":{"rendered":"Allgemeine Gesch\u00e4ftsbedingungen"},"content":{"rendered":"<div data-elementor-type=\"wp-page\" data-elementor-id=\"620\" class=\"elementor elementor-620\">\n\t\t\t\t\t\t\t\t\t<section class=\"elementor-section elementor-top-section elementor-element elementor-element-20dbdf8 elementor-section-boxed elementor-section-height-default elementor-section-height-default\" data-id=\"20dbdf8\" data-element_type=\"section\">\n\t\t\t\t\t\t<div class=\"elementor-container elementor-column-gap-default\">\n\t\t\t\t\t<div class=\"elementor-column elementor-col-100 elementor-top-column elementor-element elementor-element-e7cb3e4\" data-id=\"e7cb3e4\" data-element_type=\"column\">\n\t\t\t<div class=\"elementor-widget-wrap elementor-element-populated\">\n\t\t\t\t\t\t\t\t<div class=\"elementor-element elementor-element-613fe94 elementor-widget elementor-widget-text-editor\" data-id=\"613fe94\" data-element_type=\"widget\" data-widget_type=\"text-editor.default\">\n\t\t\t\t<div class=\"elementor-widget-container\">\n\t\t\t\t\t\t\t<p><a href=\"https:\/\/neroqomservices.com\/de\/\">Home<\/a> &gt; Terms<\/p>\t\t\t\t\t\t<\/div>\n\t\t\t\t<\/div>\n\t\t\t\t\t<\/div>\n\t\t<\/div>\n\t\t\t\t\t\t\t<\/div>\n\t\t<\/section>\n\t\t\t\t<section class=\"elementor-section elementor-top-section elementor-element elementor-element-9401437 elementor-section-boxed elementor-section-height-default elementor-section-height-default\" data-id=\"9401437\" data-element_type=\"section\" data-settings=\"{&quot;background_background&quot;:&quot;classic&quot;}\">\n\t\t\t\t\t\t<div class=\"elementor-container elementor-column-gap-default\">\n\t\t\t\t\t<div class=\"elementor-column elementor-col-33 elementor-top-column elementor-element elementor-element-e5a3413\" data-id=\"e5a3413\" data-element_type=\"column\">\n\t\t\t<div class=\"elementor-widget-wrap elementor-element-populated\">\n\t\t\t\t\t\t\t\t<div class=\"elementor-element elementor-element-4ecbbc1 elementor-widget elementor-widget-heading\" data-id=\"4ecbbc1\" data-element_type=\"widget\" data-widget_type=\"heading.default\">\n\t\t\t\t<div class=\"elementor-widget-container\">\n\t\t\t<h2 class=\"elementor-heading-title elementor-size-default\">Allgemeine Gesch\u00e4ftsbedingungen<\/h2>\t\t<\/div>\n\t\t\t\t<\/div>\n\t\t\t\t\t<\/div>\n\t\t<\/div>\n\t\t\t\t<div class=\"elementor-column elementor-col-66 elementor-top-column elementor-element elementor-element-0d51aaf\" data-id=\"0d51aaf\" data-element_type=\"column\">\n\t\t\t<div class=\"elementor-widget-wrap elementor-element-populated\">\n\t\t\t\t\t\t\t\t<div class=\"elementor-element elementor-element-d349e7c elementor-widget elementor-widget-text-editor\" data-id=\"d349e7c\" data-element_type=\"widget\" data-widget_type=\"text-editor.default\">\n\t\t\t\t<div class=\"elementor-widget-container\">\n\t\t\t\t\t\t\t<p>Der langweilige juristische Teil. Jedes Unternehmen braucht ihn, niemand will ihn lesen... nun, abgesehen von unserem Anwalt. Aber sie sind <strong>notwendig<\/strong> also haben wir etwas Humor hinzugef\u00fcgt, bereit? <em>Los geht's!<\/em><\/p><p>Wenn Sie nach Ihren pers\u00f6nlichen <strong>Daten suchen<\/strong>, dann gehen Sie zu unserer\u00a0<a href=\"https:\/\/neroqomservices.com\/de\/privacy\/\">Datenschutzrichtlinie<\/a>\u00a0, dort werden Sie alles finden.<\/p><p>Wollen Sie immer noch mehr lesen?\u00a0<em>Gro\u00dfartig!<\/em>\u00a0Unten k\u00f6nnen Sie unsere vollst\u00e4ndigen <strong>Allgemeinen Gesch\u00e4ftsbedingungen einsehen:<\/strong>:<\/p>\t\t\t\t\t\t<\/div>\n\t\t\t\t<\/div>\n\t\t\t\t\t<\/div>\n\t\t<\/div>\n\t\t\t\t\t\t\t<\/div>\n\t\t<\/section>\n\t\t\t\t<section class=\"elementor-section elementor-top-section elementor-element elementor-element-279109c elementor-section-boxed elementor-section-height-default elementor-section-height-default\" data-id=\"279109c\" data-element_type=\"section\">\n\t\t\t\t\t\t<div class=\"elementor-container elementor-column-gap-default\">\n\t\t\t\t\t<div class=\"elementor-column elementor-col-100 elementor-top-column elementor-element elementor-element-ed3bf2e\" data-id=\"ed3bf2e\" data-element_type=\"column\">\n\t\t\t<div class=\"elementor-widget-wrap elementor-element-populated\">\n\t\t\t\t\t\t\t\t<div class=\"elementor-element elementor-element-41204a7 elementor-widget elementor-widget-spacer\" data-id=\"41204a7\" data-element_type=\"widget\" data-widget_type=\"spacer.default\">\n\t\t\t\t<div class=\"elementor-widget-container\">\n\t\t\t\t\t<div class=\"elementor-spacer\">\n\t\t\t<div class=\"elementor-spacer-inner\"><\/div>\n\t\t<\/div>\n\t\t\t\t<\/div>\n\t\t\t\t<\/div>\n\t\t\t\t\t<\/div>\n\t\t<\/div>\n\t\t\t\t\t\t\t<\/div>\n\t\t<\/section>\n\t\t\t\t<section class=\"elementor-section elementor-top-section elementor-element elementor-element-18ae7b8 elementor-section-boxed elementor-section-height-default elementor-section-height-default\" data-id=\"18ae7b8\" data-element_type=\"section\">\n\t\t\t\t\t\t<div class=\"elementor-container elementor-column-gap-default\">\n\t\t\t\t\t<div class=\"elementor-column elementor-col-50 elementor-top-column elementor-element elementor-element-dc2576f\" data-id=\"dc2576f\" data-element_type=\"column\">\n\t\t\t<div class=\"elementor-widget-wrap elementor-element-populated\">\n\t\t\t\t\t\t\t\t<div class=\"elementor-element elementor-element-d4576a5 elementor-widget elementor-widget-text-editor\" data-id=\"d4576a5\" data-element_type=\"widget\" data-widget_type=\"text-editor.default\">\n\t\t\t\t<div class=\"elementor-widget-container\">\n\t\t\t\t\t\t\t<p><a href=\"http:\/\/neroqomservices.com\/wp-content\/uploads\/2020\/04\/neroqom_terms_en_june18.pdf\" target=\"_blank\" rel=\"noopener\"><img loading=\"lazy\" decoding=\"async\" class=\"size-full wp-image-626 alignleft\" src=\"http:\/\/neroqomservices.com\/wp-content\/uploads\/2020\/04\/flag-united-kingdom2x.webp\" alt=\"\" width=\"32\" height=\"24\" \/><\/a> <a href=\"http:\/\/neroqomservices.com\/wp-content\/uploads\/2020\/04\/neroqom_terms_en_june18.pdf\" target=\"_blank\" rel=\"noopener\">NeroQom terms<\/a> (PDF, 144KB)<\/p><p><a href=\"http:\/\/neroqomservices.com\/wp-content\/uploads\/2020\/04\/neroqom_terms_en_june18.pdf\" target=\"_blank\" rel=\"noopener\"><img loading=\"lazy\" decoding=\"async\" class=\"size-full wp-image-625 alignleft\" src=\"http:\/\/neroqomservices.com\/wp-content\/uploads\/2020\/04\/flag-the-netherlands2x.webp\" alt=\"\" width=\"32\" height=\"24\" \/><\/a><a href=\"http:\/\/neroqomservices.com\/wp-content\/uploads\/2020\/04\/neroqom_terms_en_june18.pdf\" target=\"_blank\" rel=\"noopener\">NeroQom terms<\/a> (NL) (PDF, 170KB)<\/p><p><a href=\"http:\/\/neroqomservices.com\/wp-content\/uploads\/2020\/04\/neroqom_belgium_terms_en_june18.pdf\" target=\"_blank\" rel=\"noopener\"><img loading=\"lazy\" decoding=\"async\" class=\"size-full wp-image-626 alignleft\" src=\"http:\/\/neroqomservices.com\/wp-content\/uploads\/2020\/04\/flag-united-kingdom2x.webp\" alt=\"\" width=\"32\" height=\"24\" \/><\/a> <a href=\"http:\/\/neroqomservices.com\/wp-content\/uploads\/2020\/04\/neroqom_belgium_terms_en_june18.pdf\" target=\"_blank\" rel=\"noopener\">NeroQom Belgium terms<\/a> (EN) (PDF, 144KB)<\/p><p><a href=\"http:\/\/neroqomservices.com\/wp-content\/uploads\/2020\/04\/neroqom_belgium_terms_nl_june18.pdf\"><img loading=\"lazy\" decoding=\"async\" class=\"size-full wp-image-625 alignleft\" src=\"http:\/\/neroqomservices.com\/wp-content\/uploads\/2020\/04\/flag-the-netherlands2x.webp\" alt=\"\" width=\"32\" height=\"24\" \/><\/a><a href=\"http:\/\/neroqomservices.com\/wp-content\/uploads\/2020\/04\/neroqom_belgium_terms_nl_june18.pdf\">NeroQom Belgium terms<\/a> (NL) (PDF, 170KB)<\/p>\t\t\t\t\t\t<\/div>\n\t\t\t\t<\/div>\n\t\t\t\t\t<\/div>\n\t\t<\/div>\n\t\t\t\t<div class=\"elementor-column elementor-col-50 elementor-top-column elementor-element elementor-element-ecf0ae5\" data-id=\"ecf0ae5\" data-element_type=\"column\">\n\t\t\t<div class=\"elementor-widget-wrap elementor-element-populated\">\n\t\t\t\t\t\t\t\t<div class=\"elementor-element elementor-element-bc4a530 elementor-widget elementor-widget-image\" data-id=\"bc4a530\" data-element_type=\"widget\" data-widget_type=\"image.default\">\n\t\t\t\t<div class=\"elementor-widget-container\">\n\t\t\t\t\t\t\t\t\t\t\t\t\t\t\t<img decoding=\"async\" src=\"https:\/\/neroqomservices.com\/wp-content\/uploads\/2020\/06\/P8A7663-A_red_dot.png\" title=\"_P8A7663-A_red_dot\" alt=\"_P8A7663-A_red_dot\" loading=\"lazy\" \/>\t\t\t\t\t\t\t\t\t\t\t\t\t\t\t<\/div>\n\t\t\t\t<\/div>\n\t\t\t\t\t<\/div>\n\t\t<\/div>\n\t\t\t\t\t\t\t<\/div>\n\t\t<\/section>\n\t\t\t\t\t\t\t<\/div>","protected":false},"excerpt":{"rendered":"<p>Home &gt; Terms Terms The boring legal bit, every company needs them, no one wants to read them&#8230; well, aside from our lawyer. But, they\u2019re necessary so we&#8217;ve put some humour in there, ready? Here we go! If you\u2019re after your information, then head over to our\u00a0privacy policy\u00a0and you\u2019ll find it all there. Still want [&hellip;]<\/p>","protected":false},"author":3,"featured_media":0,"parent":0,"menu_order":0,"comment_status":"closed","ping_status":"closed","template":"elementor_header_footer","meta":{"footnotes":""},"class_list":["post-620","page","type-page","status-publish","hentry"],"yoast_head":"<!-- This site is optimized with the Yoast SEO plugin v21.3 - https:\/\/yoast.com\/wordpress\/plugins\/seo\/ -->\n<title>Terms - NeroQom Services<\/title>\n<meta name=\"robots\" content=\"index, follow, max-snippet:-1, max-image-preview:large, max-video-preview:-1\" \/>\n<link rel=\"canonical\" href=\"https:\/\/neroqomservices.com\/de\/terms\/\" \/>\n<meta property=\"og:locale\" content=\"de_DE\" \/>\n<meta property=\"og:type\" content=\"article\" \/>\n<meta property=\"og:title\" content=\"Terms - NeroQom Services\" \/>\n<meta property=\"og:description\" content=\"Home &gt; Terms Terms The boring legal bit, every company needs them, no one wants to read them&#8230; well, aside from our lawyer. But, they\u2019re necessary so we&#8217;ve put some humour in there, ready? Here we go! If you\u2019re after your information, then head over to our\u00a0privacy policy\u00a0and you\u2019ll find it all there. Still want [&hellip;]\" \/>\n<meta property=\"og:url\" content=\"https:\/\/neroqomservices.com\/de\/terms\/\" \/>\n<meta property=\"og:site_name\" content=\"NeroQom Services\" \/>\n<meta property=\"article:modified_time\" content=\"2020-06-16T10:21:49+00:00\" \/>\n<meta property=\"og:image\" content=\"http:\/\/neroqomservices.com\/wp-content\/uploads\/2020\/04\/flag-united-kingdom2x.webp\" \/>\n<meta name=\"twitter:card\" content=\"summary_large_image\" \/>\n<script type=\"application\/ld+json\" class=\"yoast-schema-graph\">{\"@context\":\"https:\/\/schema.org\",\"@graph\":[{\"@type\":\"WebPage\",\"@id\":\"https:\/\/neroqomservices.com\/terms\/\",\"url\":\"https:\/\/neroqomservices.com\/terms\/\",\"name\":\"Terms - NeroQom Services\",\"isPartOf\":{\"@id\":\"http:\/\/neroqomservices.com\/#website\"},\"datePublished\":\"2020-04-14T08:46:00+00:00\",\"dateModified\":\"2020-06-16T10:21:49+00:00\",\"breadcrumb\":{\"@id\":\"https:\/\/neroqomservices.com\/terms\/#breadcrumb\"},\"inLanguage\":\"de\",\"potentialAction\":[{\"@type\":\"ReadAction\",\"target\":[\"https:\/\/neroqomservices.com\/terms\/\"]}]},{\"@type\":\"BreadcrumbList\",\"@id\":\"https:\/\/neroqomservices.com\/terms\/#breadcrumb\",\"itemListElement\":[{\"@type\":\"ListItem\",\"position\":1,\"name\":\"Home\",\"item\":\"http:\/\/neroqomservices.com\/\"},{\"@type\":\"ListItem\",\"position\":2,\"name\":\"Terms\"}]},{\"@type\":\"WebSite\",\"@id\":\"http:\/\/neroqomservices.com\/#website\",\"url\":\"http:\/\/neroqomservices.com\/\",\"name\":\"NeroQom Services\",\"description\":\"\",\"publisher\":{\"@id\":\"http:\/\/neroqomservices.com\/#organization\"},\"potentialAction\":[{\"@type\":\"SearchAction\",\"target\":{\"@type\":\"EntryPoint\",\"urlTemplate\":\"http:\/\/neroqomservices.com\/?s={search_term_string}\"},\"query-input\":\"required name=search_term_string\"}],\"inLanguage\":\"de\"},{\"@type\":\"Organization\",\"@id\":\"http:\/\/neroqomservices.com\/#organization\",\"name\":\"NeroQom Services\",\"url\":\"http:\/\/neroqomservices.com\/\",\"logo\":{\"@type\":\"ImageObject\",\"inLanguage\":\"de\",\"@id\":\"http:\/\/neroqomservices.com\/#\/schema\/logo\/image\/\",\"url\":\"https:\/\/neroqomservices.com\/wp-content\/uploads\/2020\/01\/neroqom_logo_black_300px_1218.png\",\"contentUrl\":\"https:\/\/neroqomservices.com\/wp-content\/uploads\/2020\/01\/neroqom_logo_black_300px_1218.png\",\"width\":300,\"height\":75,\"caption\":\"NeroQom Services\"},\"image\":{\"@id\":\"http:\/\/neroqomservices.com\/#\/schema\/logo\/image\/\"}}]}<\/script>\n<!-- \/ Yoast SEO plugin. -->","yoast_head_json":{"title":"Terms - NeroQom Services","robots":{"index":"index","follow":"follow","max-snippet":"max-snippet:-1","max-image-preview":"max-image-preview:large","max-video-preview":"max-video-preview:-1"},"canonical":"https:\/\/neroqomservices.com\/de\/terms\/","og_locale":"de_DE","og_type":"article","og_title":"Terms - NeroQom Services","og_description":"Home &gt; Terms Terms The boring legal bit, every company needs them, no one wants to read them&#8230; well, aside from our lawyer. But, they\u2019re necessary so we&#8217;ve put some humour in there, ready? Here we go! If you\u2019re after your information, then head over to our\u00a0privacy policy\u00a0and you\u2019ll find it all there. Still want [&hellip;]","og_url":"https:\/\/neroqomservices.com\/de\/terms\/","og_site_name":"NeroQom Services","article_modified_time":"2020-06-16T10:21:49+00:00","og_image":[{"url":"http:\/\/neroqomservices.com\/wp-content\/uploads\/2020\/04\/flag-united-kingdom2x.webp"}],"twitter_card":"summary_large_image","schema":{"@context":"https:\/\/schema.org","@graph":[{"@type":"WebPage","@id":"https:\/\/neroqomservices.com\/terms\/","url":"https:\/\/neroqomservices.com\/terms\/","name":"Terms - NeroQom Services","isPartOf":{"@id":"http:\/\/neroqomservices.com\/#website"},"datePublished":"2020-04-14T08:46:00+00:00","dateModified":"2020-06-16T10:21:49+00:00","breadcrumb":{"@id":"https:\/\/neroqomservices.com\/terms\/#breadcrumb"},"inLanguage":"de","potentialAction":[{"@type":"ReadAction","target":["https:\/\/neroqomservices.com\/terms\/"]}]},{"@type":"BreadcrumbList","@id":"https:\/\/neroqomservices.com\/terms\/#breadcrumb","itemListElement":[{"@type":"ListItem","position":1,"name":"Home","item":"http:\/\/neroqomservices.com\/"},{"@type":"ListItem","position":2,"name":"Terms"}]},{"@type":"WebSite","@id":"http:\/\/neroqomservices.com\/#website","url":"http:\/\/neroqomservices.com\/","name":"NeroQom Services","description":"","publisher":{"@id":"http:\/\/neroqomservices.com\/#organization"},"potentialAction":[{"@type":"SearchAction","target":{"@type":"EntryPoint","urlTemplate":"http:\/\/neroqomservices.com\/?s={search_term_string}"},"query-input":"required name=search_term_string"}],"inLanguage":"de"},{"@type":"Organization","@id":"http:\/\/neroqomservices.com\/#organization","name":"NeroQom Services","url":"http:\/\/neroqomservices.com\/","logo":{"@type":"ImageObject","inLanguage":"de","@id":"http:\/\/neroqomservices.com\/#\/schema\/logo\/image\/","url":"https:\/\/neroqomservices.com\/wp-content\/uploads\/2020\/01\/neroqom_logo_black_300px_1218.png","contentUrl":"https:\/\/neroqomservices.com\/wp-content\/uploads\/2020\/01\/neroqom_logo_black_300px_1218.png","width":300,"height":75,"caption":"NeroQom Services"},"image":{"@id":"http:\/\/neroqomservices.com\/#\/schema\/logo\/image\/"}}]}},"_links":{"self":[{"href":"https:\/\/neroqomservices.com\/de\/wp-json\/wp\/v2\/pages\/620","targetHints":{"allow":["GET"]}}],"collection":[{"href":"https:\/\/neroqomservices.com\/de\/wp-json\/wp\/v2\/pages"}],"about":[{"href":"https:\/\/neroqomservices.com\/de\/wp-json\/wp\/v2\/types\/page"}],"author":[{"embeddable":true,"href":"https:\/\/neroqomservices.com\/de\/wp-json\/wp\/v2\/users\/3"}],"replies":[{"embeddable":true,"href":"https:\/\/neroqomservices.com\/de\/wp-json\/wp\/v2\/comments?post=620"}],"version-history":[{"count":0,"href":"https:\/\/neroqomservices.com\/de\/wp-json\/wp\/v2\/pages\/620\/revisions"}],"wp:attachment":[{"href":"https:\/\/neroqomservices.com\/de\/wp-json\/wp\/v2\/media?parent=620"}],"curies":[{"name":"wp","href":"https:\/\/api.w.org\/{rel}","templated":true}]}}